{"id":6115,"date":"2023-05-10T15:14:39","date_gmt":"2023-05-10T15:14:39","guid":{"rendered":"https:\/\/skinpoint.r-s.space\/?post_type=product&#038;p=6115"},"modified":"2025-08-21T09:19:36","modified_gmt":"2025-08-21T09:19:36","slug":"awp-corticera","status":"publish","type":"product","link":"https:\/\/csgo-trade.net\/pt-pt\/catalog\/awp-corticera\/","title":{"rendered":"AWP | Corticera"},"content":{"rendered":"<p>A c\u00e9lebre AWP \u00e9 arriscada de se usar mas extremamente mort\u00edfera, sendo conhecida por causar uma morte instant\u00e2nea com cada tiro certeiro. Esta arma em particular foi pintada com motivos florais.<\/p>\n","protected":false},"excerpt":{"rendered":"<p>A c\u00e9lebre AWP \u00e9 arriscada de se usar mas extremamente mort\u00edfera, sendo conhecida por causar uma morte instant\u00e2nea com cada tiro certeiro. Esta arma em particular foi pintada com motivos florais.<\/p>\n","protected":false},"featured_media":6117,"comment_status":"open","ping_status":"closed","template":"","meta":[],"product_brand":[],"product_cat":[248,192],"product_tag":[265],"class_list":{"0":"post-6115","1":"product","2":"type-product","3":"status-publish","4":"has-post-thumbnail","6":"product_cat-awp-pt-pt","7":"product_cat-espingarda","8":"product_tag-confidencial","10":"first","11":"instock","12":"shipping-taxable","13":"purchasable","14":"product-type-simple"},"_links":{"self":[{"href":"https:\/\/csgo-trade.net\/pt-pt\/wp-json\/wp\/v2\/product\/6115","targetHints":{"allow":["GET"]}}],"collection":[{"href":"https:\/\/csgo-trade.net\/pt-pt\/wp-json\/wp\/v2\/product"}],"about":[{"href":"https:\/\/csgo-trade.net\/pt-pt\/wp-json\/wp\/v2\/types\/product"}],"replies":[{"embeddable":true,"href":"https:\/\/csgo-trade.net\/pt-pt\/wp-json\/wp\/v2\/comments?post=6115"}],"wp:featuredmedia":[{"embeddable":true,"href":"https:\/\/csgo-trade.net\/pt-pt\/wp-json\/wp\/v2\/media\/6117"}],"wp:attachment":[{"href":"https:\/\/csgo-trade.net\/pt-pt\/wp-json\/wp\/v2\/media?parent=6115"}],"wp:term":[{"taxonomy":"product_brand","embeddable":true,"href":"https:\/\/csgo-trade.net\/pt-pt\/wp-json\/wp\/v2\/product_brand?post=6115"},{"taxonomy":"product_cat","embeddable":true,"href":"https:\/\/csgo-trade.net\/pt-pt\/wp-json\/wp\/v2\/product_cat?post=6115"},{"taxonomy":"product_tag","embeddable":true,"href":"https:\/\/csgo-trade.net\/pt-pt\/wp-json\/wp\/v2\/product_tag?post=6115"}],"curies":[{"name":"wp","href":"https:\/\/api.w.org\/{rel}","templated":true}]}}