{"id":6107,"date":"2023-05-10T15:11:47","date_gmt":"2023-05-10T15:11:47","guid":{"rendered":"https:\/\/skinpoint.r-s.space\/?post_type=product&#038;p=6107"},"modified":"2025-08-21T09:19:29","modified_gmt":"2025-08-21T09:19:29","slug":"famas-waters-of-nephthys","status":"publish","type":"product","link":"https:\/\/csgo-trade.net\/pt-pt\/catalog\/famas-waters-of-nephthys\/","title":{"rendered":"FAMAS | Waters of Nephthys"},"content":{"rendered":"<p>Uma op\u00e7\u00e3o barata quando h\u00e1 pouco dinheiro, a FAMAS preenche eficazmente aquele vazio entre as espingardas mais caras e as submetralhadoras menos eficientes. The blues on this custom painted FAMAS shift as lighting conditions change.<\/p>\n","protected":false},"excerpt":{"rendered":"<p>Uma op\u00e7\u00e3o barata quando h\u00e1 pouco dinheiro, a FAMAS preenche eficazmente aquele vazio entre as espingardas mais caras e as submetralhadoras menos eficientes. The blues on this custom painted FAMAS shift as lighting conditions change.<\/p>\n","protected":false},"featured_media":6109,"comment_status":"open","ping_status":"closed","template":"","meta":[],"product_brand":[],"product_cat":[192,249],"product_tag":[265],"class_list":{"0":"post-6107","1":"product","2":"type-product","3":"status-publish","4":"has-post-thumbnail","6":"product_cat-espingarda","7":"product_cat-famas-pt-pt","8":"product_tag-confidencial","9":"pa_all-products-skins","11":"first","12":"instock","13":"shipping-taxable","14":"purchasable","15":"product-type-simple"},"_links":{"self":[{"href":"https:\/\/csgo-trade.net\/pt-pt\/wp-json\/wp\/v2\/product\/6107","targetHints":{"allow":["GET"]}}],"collection":[{"href":"https:\/\/csgo-trade.net\/pt-pt\/wp-json\/wp\/v2\/product"}],"about":[{"href":"https:\/\/csgo-trade.net\/pt-pt\/wp-json\/wp\/v2\/types\/product"}],"replies":[{"embeddable":true,"href":"https:\/\/csgo-trade.net\/pt-pt\/wp-json\/wp\/v2\/comments?post=6107"}],"wp:featuredmedia":[{"embeddable":true,"href":"https:\/\/csgo-trade.net\/pt-pt\/wp-json\/wp\/v2\/media\/6109"}],"wp:attachment":[{"href":"https:\/\/csgo-trade.net\/pt-pt\/wp-json\/wp\/v2\/media?parent=6107"}],"wp:term":[{"taxonomy":"product_brand","embeddable":true,"href":"https:\/\/csgo-trade.net\/pt-pt\/wp-json\/wp\/v2\/product_brand?post=6107"},{"taxonomy":"product_cat","embeddable":true,"href":"https:\/\/csgo-trade.net\/pt-pt\/wp-json\/wp\/v2\/product_cat?post=6107"},{"taxonomy":"product_tag","embeddable":true,"href":"https:\/\/csgo-trade.net\/pt-pt\/wp-json\/wp\/v2\/product_tag?post=6107"}],"curies":[{"name":"wp","href":"https:\/\/api.w.org\/{rel}","templated":true}]}}