{"id":6075,"date":"2023-05-10T14:57:43","date_gmt":"2023-05-10T14:57:43","guid":{"rendered":"https:\/\/skinpoint.r-s.space\/?post_type=product&#038;p=6075"},"modified":"2025-08-21T09:19:34","modified_gmt":"2025-08-21T09:19:34","slug":"ak-47-head-shot","status":"publish","type":"product","link":"https:\/\/csgo-trade.net\/pt-pt\/catalog\/ak-47-head-shot\/","title":{"rendered":"AK-47 | Head Shot"},"content":{"rendered":"<p>Potente e fi\u00e1vel, a AK-47 \u00e9 uma das espingardas de assalto mais populares do mundo. \u00c9 mais mort\u00edfera ao disparar rajadas curtas e controladas de balas. Esta arma em particular foi pintada com um graf\u00edti a dizer &#8220;HEAD SHOT GUN&#8221; e revestida por um acabamento perolado.<\/p>\n","protected":false},"excerpt":{"rendered":"<p>Potente e fi\u00e1vel, a AK-47 \u00e9 uma das espingardas de assalto mais populares do mundo. \u00c9 mais mort\u00edfera ao disparar rajadas curtas e controladas de balas. Esta arma em particular foi pintada com um graf\u00edti a dizer &#8220;HEAD SHOT GUN&#8221; e revestida por um acabamento perolado.<\/p>\n","protected":false},"featured_media":6077,"comment_status":"open","ping_status":"closed","template":"","meta":[],"product_brand":[],"product_cat":[247,192],"product_tag":[267],"class_list":{"0":"post-6075","1":"product","2":"type-product","3":"status-publish","4":"has-post-thumbnail","6":"product_cat-ak-47-pt-pt","7":"product_cat-espingarda","8":"product_tag-secreto","9":"pa_all-products-skins","11":"first","12":"instock","13":"shipping-taxable","14":"purchasable","15":"product-type-simple"},"_links":{"self":[{"href":"https:\/\/csgo-trade.net\/pt-pt\/wp-json\/wp\/v2\/product\/6075","targetHints":{"allow":["GET"]}}],"collection":[{"href":"https:\/\/csgo-trade.net\/pt-pt\/wp-json\/wp\/v2\/product"}],"about":[{"href":"https:\/\/csgo-trade.net\/pt-pt\/wp-json\/wp\/v2\/types\/product"}],"replies":[{"embeddable":true,"href":"https:\/\/csgo-trade.net\/pt-pt\/wp-json\/wp\/v2\/comments?post=6075"}],"wp:featuredmedia":[{"embeddable":true,"href":"https:\/\/csgo-trade.net\/pt-pt\/wp-json\/wp\/v2\/media\/6077"}],"wp:attachment":[{"href":"https:\/\/csgo-trade.net\/pt-pt\/wp-json\/wp\/v2\/media?parent=6075"}],"wp:term":[{"taxonomy":"product_brand","embeddable":true,"href":"https:\/\/csgo-trade.net\/pt-pt\/wp-json\/wp\/v2\/product_brand?post=6075"},{"taxonomy":"product_cat","embeddable":true,"href":"https:\/\/csgo-trade.net\/pt-pt\/wp-json\/wp\/v2\/product_cat?post=6075"},{"taxonomy":"product_tag","embeddable":true,"href":"https:\/\/csgo-trade.net\/pt-pt\/wp-json\/wp\/v2\/product_tag?post=6075"}],"curies":[{"name":"wp","href":"https:\/\/api.w.org\/{rel}","templated":true}]}}