{"id":6011,"date":"2023-05-10T14:34:32","date_gmt":"2023-05-10T14:34:32","guid":{"rendered":"https:\/\/skinpoint.r-s.space\/?post_type=product&#038;p=6011"},"modified":"2025-08-21T09:18:56","modified_gmt":"2025-08-21T09:18:56","slug":"nova-quick-sand","status":"publish","type":"product","link":"https:\/\/csgo-trade.net\/pt-pt\/catalog\/nova-quick-sand\/","title":{"rendered":"Nova | Quick Sand"},"content":{"rendered":"<p>O pre\u00e7o relativamente baixo da Nova torna-a numa \u00f3tima arma de emboscada para uma equipa com pouco dinheiro. A coronha e a arma\u00e7\u00e3o desta arma em particular foram decoradas com um padr\u00e3o hidrogr\u00e1fico bege e azul. O cano foi pintado de azul-escuro.<\/p>\n","protected":false},"excerpt":{"rendered":"<p>O pre\u00e7o relativamente baixo da Nova torna-a numa \u00f3tima arma de emboscada para uma equipa com pouco dinheiro. A coronha e a arma\u00e7\u00e3o desta arma em particular foram decoradas com um padr\u00e3o hidrogr\u00e1fico bege e azul. O cano foi pintado de azul-escuro.<\/p>\n","protected":false},"featured_media":6013,"comment_status":"open","ping_status":"closed","template":"","meta":[],"product_brand":[],"product_cat":[209,213],"product_tag":[194],"class_list":{"0":"post-6011","1":"product","2":"type-product","3":"status-publish","4":"has-post-thumbnail","6":"product_cat-arma-pesada","7":"product_cat-nova-pt-pt","8":"product_tag-padrao-militar","9":"pa_all-products-skins","11":"first","12":"instock","13":"shipping-taxable","14":"purchasable","15":"product-type-simple"},"_links":{"self":[{"href":"https:\/\/csgo-trade.net\/pt-pt\/wp-json\/wp\/v2\/product\/6011","targetHints":{"allow":["GET"]}}],"collection":[{"href":"https:\/\/csgo-trade.net\/pt-pt\/wp-json\/wp\/v2\/product"}],"about":[{"href":"https:\/\/csgo-trade.net\/pt-pt\/wp-json\/wp\/v2\/types\/product"}],"replies":[{"embeddable":true,"href":"https:\/\/csgo-trade.net\/pt-pt\/wp-json\/wp\/v2\/comments?post=6011"}],"wp:featuredmedia":[{"embeddable":true,"href":"https:\/\/csgo-trade.net\/pt-pt\/wp-json\/wp\/v2\/media\/6013"}],"wp:attachment":[{"href":"https:\/\/csgo-trade.net\/pt-pt\/wp-json\/wp\/v2\/media?parent=6011"}],"wp:term":[{"taxonomy":"product_brand","embeddable":true,"href":"https:\/\/csgo-trade.net\/pt-pt\/wp-json\/wp\/v2\/product_brand?post=6011"},{"taxonomy":"product_cat","embeddable":true,"href":"https:\/\/csgo-trade.net\/pt-pt\/wp-json\/wp\/v2\/product_cat?post=6011"},{"taxonomy":"product_tag","embeddable":true,"href":"https:\/\/csgo-trade.net\/pt-pt\/wp-json\/wp\/v2\/product_tag?post=6011"}],"curies":[{"name":"wp","href":"https:\/\/api.w.org\/{rel}","templated":true}]}}