{"id":5979,"date":"2023-05-10T14:17:40","date_gmt":"2023-05-10T14:17:40","guid":{"rendered":"https:\/\/skinpoint.r-s.space\/?post_type=product&#038;p=5979"},"modified":"2025-08-13T08:21:52","modified_gmt":"2025-08-13T08:21:52","slug":"cz75-auto-circaetus","status":"publish","type":"product","link":"https:\/\/csgo-trade.net\/pt-pt\/catalog\/cz75-auto-circaetus\/","title":{"rendered":"CZ75-Auto | Circaetus"},"content":{"rendered":"<p>Uma variante totalmente autom\u00e1tica da CZ75, a CZ75-Auto \u00e9 a escolha ideal a curto prazo para dar a volta \u00e0 partida e conseguir obter uma arma do inimigo. Mas com t\u00e3o poucas muni\u00e7\u00f5es no carregador, \u00e9 preciso moderar os disparos. Esta CZ75 em particular foi decorada com o desenho de uma ave de rapina com uma cobra nas garras.<\/p>\n","protected":false},"excerpt":{"rendered":"<p>Uma variante totalmente autom\u00e1tica da CZ75, a CZ75-Auto \u00e9 a escolha ideal a curto prazo para dar a volta \u00e0 partida e conseguir obter uma arma do inimigo. Mas com t\u00e3o poucas muni\u00e7\u00f5es no carregador, \u00e9 preciso moderar os disparos. Esta CZ75 em particular foi decorada com o desenho de uma ave de rapina com [&#8230;]\n","protected":false},"featured_media":5981,"comment_status":"open","ping_status":"closed","template":"","meta":[],"product_brand":[],"product_cat":[237,236],"product_tag":[194],"class_list":{"0":"post-5979","1":"product","2":"type-product","3":"status-publish","4":"has-post-thumbnail","6":"product_cat-cz75-auto-pt-pt","7":"product_cat-pistolas","8":"product_tag-padrao-militar","9":"pa_all-products-skins","11":"first","12":"instock","13":"shipping-taxable","14":"purchasable","15":"product-type-simple"},"_links":{"self":[{"href":"https:\/\/csgo-trade.net\/pt-pt\/wp-json\/wp\/v2\/product\/5979","targetHints":{"allow":["GET"]}}],"collection":[{"href":"https:\/\/csgo-trade.net\/pt-pt\/wp-json\/wp\/v2\/product"}],"about":[{"href":"https:\/\/csgo-trade.net\/pt-pt\/wp-json\/wp\/v2\/types\/product"}],"replies":[{"embeddable":true,"href":"https:\/\/csgo-trade.net\/pt-pt\/wp-json\/wp\/v2\/comments?post=5979"}],"wp:featuredmedia":[{"embeddable":true,"href":"https:\/\/csgo-trade.net\/pt-pt\/wp-json\/wp\/v2\/media\/5981"}],"wp:attachment":[{"href":"https:\/\/csgo-trade.net\/pt-pt\/wp-json\/wp\/v2\/media?parent=5979"}],"wp:term":[{"taxonomy":"product_brand","embeddable":true,"href":"https:\/\/csgo-trade.net\/pt-pt\/wp-json\/wp\/v2\/product_brand?post=5979"},{"taxonomy":"product_cat","embeddable":true,"href":"https:\/\/csgo-trade.net\/pt-pt\/wp-json\/wp\/v2\/product_cat?post=5979"},{"taxonomy":"product_tag","embeddable":true,"href":"https:\/\/csgo-trade.net\/pt-pt\/wp-json\/wp\/v2\/product_tag?post=5979"}],"curies":[{"name":"wp","href":"https:\/\/api.w.org\/{rel}","templated":true}]}}