{"id":5896,"date":"2023-05-09T14:59:07","date_gmt":"2023-05-09T14:59:07","guid":{"rendered":"https:\/\/skinpoint.r-s.space\/?post_type=product&#038;p=5896"},"modified":"2023-05-09T15:01:08","modified_gmt":"2023-05-09T15:01:08","slug":"p2000-oceanic","status":"publish","type":"product","link":"https:\/\/csgo-trade.net\/pt-pt\/catalog\/p2000-oceanic\/","title":{"rendered":"P2000 | Oceanic"},"content":{"rendered":"<p>Vinda da Alemanha, a P2000 \u00e9 uma pistola precisa e control\u00e1vel. \u00c9 uma das pistolas dispon\u00edveis na primeira ronda e \u00e9 eficaz contra oponentes sem colete nem capacete. Esta arma em particular foi tratada com uma camada base de tinta preta e de seguida decorada com padr\u00f5es azuis.<\/p>\n","protected":false},"excerpt":{"rendered":"<p>Vinda da Alemanha, a P2000 \u00e9 uma pistola precisa e control\u00e1vel. \u00c9 uma das pistolas dispon\u00edveis na primeira ronda e \u00e9 eficaz contra oponentes sem colete nem capacete. Esta arma em particular foi tratada com uma camada base de tinta preta e de seguida decorada com padr\u00f5es azuis.<\/p>\n","protected":false},"featured_media":5898,"comment_status":"open","ping_status":"closed","template":"","meta":[],"product_brand":[],"product_cat":[242,236],"product_tag":[194],"class_list":{"0":"post-5896","1":"product","2":"type-product","3":"status-publish","4":"has-post-thumbnail","6":"product_cat-p2000-pt-pt","7":"product_cat-pistolas","8":"product_tag-padrao-militar","9":"pa_all-products-skins","11":"first","12":"instock","13":"shipping-taxable","14":"purchasable","15":"product-type-simple"},"_links":{"self":[{"href":"https:\/\/csgo-trade.net\/pt-pt\/wp-json\/wp\/v2\/product\/5896","targetHints":{"allow":["GET"]}}],"collection":[{"href":"https:\/\/csgo-trade.net\/pt-pt\/wp-json\/wp\/v2\/product"}],"about":[{"href":"https:\/\/csgo-trade.net\/pt-pt\/wp-json\/wp\/v2\/types\/product"}],"replies":[{"embeddable":true,"href":"https:\/\/csgo-trade.net\/pt-pt\/wp-json\/wp\/v2\/comments?post=5896"}],"wp:featuredmedia":[{"embeddable":true,"href":"https:\/\/csgo-trade.net\/pt-pt\/wp-json\/wp\/v2\/media\/5898"}],"wp:attachment":[{"href":"https:\/\/csgo-trade.net\/pt-pt\/wp-json\/wp\/v2\/media?parent=5896"}],"wp:term":[{"taxonomy":"product_brand","embeddable":true,"href":"https:\/\/csgo-trade.net\/pt-pt\/wp-json\/wp\/v2\/product_brand?post=5896"},{"taxonomy":"product_cat","embeddable":true,"href":"https:\/\/csgo-trade.net\/pt-pt\/wp-json\/wp\/v2\/product_cat?post=5896"},{"taxonomy":"product_tag","embeddable":true,"href":"https:\/\/csgo-trade.net\/pt-pt\/wp-json\/wp\/v2\/product_tag?post=5896"}],"curies":[{"name":"wp","href":"https:\/\/api.w.org\/{rel}","templated":true}]}}