{"id":5888,"date":"2023-05-09T14:52:40","date_gmt":"2023-05-09T14:52:40","guid":{"rendered":"https:\/\/skinpoint.r-s.space\/?post_type=product&#038;p=5888"},"modified":"2023-05-09T14:55:11","modified_gmt":"2023-05-09T14:55:11","slug":"p2000-gnarled","status":"publish","type":"product","link":"https:\/\/csgo-trade.net\/pt-pt\/catalog\/p2000-gnarled\/","title":{"rendered":"P2000 | Gnarled"},"content":{"rendered":"<p>Vinda da Alemanha, a P2000 \u00e9 uma pistola precisa e control\u00e1vel. \u00c9 uma das pistolas dispon\u00edveis na primeira ronda e \u00e9 eficaz contra oponentes sem colete nem capacete. A empunhadura e o ferrolho desta P2000 em particular foram pintados \u00e0 m\u00e3o com a imagem de uma sinistra criatura alien\u00edgena.<\/p>\n","protected":false},"excerpt":{"rendered":"<p>Vinda da Alemanha, a P2000 \u00e9 uma pistola precisa e control\u00e1vel. \u00c9 uma das pistolas dispon\u00edveis na primeira ronda e \u00e9 eficaz contra oponentes sem colete nem capacete. A empunhadura e o ferrolho desta P2000 em particular foram pintados \u00e0 m\u00e3o com a imagem de uma sinistra criatura alien\u00edgena.<\/p>\n","protected":false},"featured_media":5890,"comment_status":"open","ping_status":"closed","template":"","meta":[],"product_brand":[],"product_cat":[242,236],"product_tag":[194],"class_list":{"0":"post-5888","1":"product","2":"type-product","3":"status-publish","4":"has-post-thumbnail","6":"product_cat-p2000-pt-pt","7":"product_cat-pistolas","8":"product_tag-padrao-militar","9":"pa_all-products-skins","11":"first","12":"instock","13":"shipping-taxable","14":"purchasable","15":"product-type-simple"},"_links":{"self":[{"href":"https:\/\/csgo-trade.net\/pt-pt\/wp-json\/wp\/v2\/product\/5888","targetHints":{"allow":["GET"]}}],"collection":[{"href":"https:\/\/csgo-trade.net\/pt-pt\/wp-json\/wp\/v2\/product"}],"about":[{"href":"https:\/\/csgo-trade.net\/pt-pt\/wp-json\/wp\/v2\/types\/product"}],"replies":[{"embeddable":true,"href":"https:\/\/csgo-trade.net\/pt-pt\/wp-json\/wp\/v2\/comments?post=5888"}],"wp:featuredmedia":[{"embeddable":true,"href":"https:\/\/csgo-trade.net\/pt-pt\/wp-json\/wp\/v2\/media\/5890"}],"wp:attachment":[{"href":"https:\/\/csgo-trade.net\/pt-pt\/wp-json\/wp\/v2\/media?parent=5888"}],"wp:term":[{"taxonomy":"product_brand","embeddable":true,"href":"https:\/\/csgo-trade.net\/pt-pt\/wp-json\/wp\/v2\/product_brand?post=5888"},{"taxonomy":"product_cat","embeddable":true,"href":"https:\/\/csgo-trade.net\/pt-pt\/wp-json\/wp\/v2\/product_cat?post=5888"},{"taxonomy":"product_tag","embeddable":true,"href":"https:\/\/csgo-trade.net\/pt-pt\/wp-json\/wp\/v2\/product_tag?post=5888"}],"curies":[{"name":"wp","href":"https:\/\/api.w.org\/{rel}","templated":true}]}}