{"id":5807,"date":"2023-05-09T14:23:19","date_gmt":"2023-05-09T14:23:19","guid":{"rendered":"https:\/\/skinpoint.r-s.space\/?post_type=product&#038;p=5807"},"modified":"2025-08-21T09:17:57","modified_gmt":"2025-08-21T09:17:57","slug":"p2000-ocean-foam","status":"publish","type":"product","link":"https:\/\/csgo-trade.net\/pt-pt\/catalog\/p2000-ocean-foam\/","title":{"rendered":"P2000 | Ocean Foam"},"content":{"rendered":"<p>Vinda da Alemanha, a P2000 \u00e9 uma pistola precisa e control\u00e1vel. \u00c9 uma das pistolas dispon\u00edveis na primeira ronda e \u00e9 eficaz contra oponentes sem colete nem capacete. Esta arma \u00e9 uma lembran\u00e7a do mapa &#8216;Seaside&#8217; e foi pintada com um padr\u00e3o azul abstrato sobre uma camada base metalizada.<\/p>\n","protected":false},"excerpt":{"rendered":"<p>Vinda da Alemanha, a P2000 \u00e9 uma pistola precisa e control\u00e1vel. \u00c9 uma das pistolas dispon\u00edveis na primeira ronda e \u00e9 eficaz contra oponentes sem colete nem capacete. Esta arma \u00e9 uma lembran\u00e7a do mapa &#8216;Seaside&#8217; e foi pintada com um padr\u00e3o azul abstrato sobre uma camada base metalizada.<\/p>\n","protected":false},"featured_media":5809,"comment_status":"open","ping_status":"closed","template":"","meta":[],"product_brand":[],"product_cat":[242,236],"product_tag":[265],"class_list":{"0":"post-5807","1":"product","2":"type-product","3":"status-publish","4":"has-post-thumbnail","6":"product_cat-p2000-pt-pt","7":"product_cat-pistolas","8":"product_tag-confidencial","9":"pa_all-products-skins","11":"first","12":"instock","13":"shipping-taxable","14":"purchasable","15":"product-type-simple"},"_links":{"self":[{"href":"https:\/\/csgo-trade.net\/pt-pt\/wp-json\/wp\/v2\/product\/5807","targetHints":{"allow":["GET"]}}],"collection":[{"href":"https:\/\/csgo-trade.net\/pt-pt\/wp-json\/wp\/v2\/product"}],"about":[{"href":"https:\/\/csgo-trade.net\/pt-pt\/wp-json\/wp\/v2\/types\/product"}],"replies":[{"embeddable":true,"href":"https:\/\/csgo-trade.net\/pt-pt\/wp-json\/wp\/v2\/comments?post=5807"}],"wp:featuredmedia":[{"embeddable":true,"href":"https:\/\/csgo-trade.net\/pt-pt\/wp-json\/wp\/v2\/media\/5809"}],"wp:attachment":[{"href":"https:\/\/csgo-trade.net\/pt-pt\/wp-json\/wp\/v2\/media?parent=5807"}],"wp:term":[{"taxonomy":"product_brand","embeddable":true,"href":"https:\/\/csgo-trade.net\/pt-pt\/wp-json\/wp\/v2\/product_brand?post=5807"},{"taxonomy":"product_cat","embeddable":true,"href":"https:\/\/csgo-trade.net\/pt-pt\/wp-json\/wp\/v2\/product_cat?post=5807"},{"taxonomy":"product_tag","embeddable":true,"href":"https:\/\/csgo-trade.net\/pt-pt\/wp-json\/wp\/v2\/product_tag?post=5807"}],"curies":[{"name":"wp","href":"https:\/\/api.w.org\/{rel}","templated":true}]}}