{"id":5798,"date":"2023-05-09T14:20:25","date_gmt":"2023-05-09T14:20:25","guid":{"rendered":"https:\/\/skinpoint.r-s.space\/?post_type=product&#038;p=5798"},"modified":"2023-05-09T14:22:30","modified_gmt":"2023-05-09T14:22:30","slug":"r8-revolver-inlay","status":"publish","type":"product","link":"https:\/\/csgo-trade.net\/pt-pt\/catalog\/r8-revolver-inlay\/","title":{"rendered":"R8 Revolver | Inlay"},"content":{"rendered":"<p>O rev\u00f3lver R8 dispara balas precisas e potentes, mas tens de manter o gatilho pressionado durante um curto per\u00edodo de tempo antes de cada disparo. Por\u00e9m, \u00e9 poss\u00edvel pressionar a parte de tr\u00e1s do rev\u00f3lver para poderes disparar rapidamente (usa o bot\u00e3o de disparo secund\u00e1rio para tal). It has been custom painted to resemble acanthus engravings and a marble grip.<\/p>\n","protected":false},"excerpt":{"rendered":"<p>O rev\u00f3lver R8 dispara balas precisas e potentes, mas tens de manter o gatilho pressionado durante um curto per\u00edodo de tempo antes de cada disparo. Por\u00e9m, \u00e9 poss\u00edvel pressionar a parte de tr\u00e1s do rev\u00f3lver para poderes disparar rapidamente (usa o bot\u00e3o de disparo secund\u00e1rio para tal). It has been custom painted to resemble acanthus [&#8230;]\n","protected":false},"featured_media":5800,"comment_status":"open","ping_status":"closed","template":"","meta":[],"product_brand":[],"product_cat":[236,244],"product_tag":[266],"class_list":{"0":"post-5798","1":"product","2":"type-product","3":"status-publish","4":"has-post-thumbnail","6":"product_cat-pistolas","7":"product_cat-r8-revolver-pt-pt","8":"product_tag-padrao-domestico","9":"pa_all-products-skins","11":"first","12":"instock","13":"shipping-taxable","14":"purchasable","15":"product-type-simple"},"_links":{"self":[{"href":"https:\/\/csgo-trade.net\/pt-pt\/wp-json\/wp\/v2\/product\/5798","targetHints":{"allow":["GET"]}}],"collection":[{"href":"https:\/\/csgo-trade.net\/pt-pt\/wp-json\/wp\/v2\/product"}],"about":[{"href":"https:\/\/csgo-trade.net\/pt-pt\/wp-json\/wp\/v2\/types\/product"}],"replies":[{"embeddable":true,"href":"https:\/\/csgo-trade.net\/pt-pt\/wp-json\/wp\/v2\/comments?post=5798"}],"wp:featuredmedia":[{"embeddable":true,"href":"https:\/\/csgo-trade.net\/pt-pt\/wp-json\/wp\/v2\/media\/5800"}],"wp:attachment":[{"href":"https:\/\/csgo-trade.net\/pt-pt\/wp-json\/wp\/v2\/media?parent=5798"}],"wp:term":[{"taxonomy":"product_brand","embeddable":true,"href":"https:\/\/csgo-trade.net\/pt-pt\/wp-json\/wp\/v2\/product_brand?post=5798"},{"taxonomy":"product_cat","embeddable":true,"href":"https:\/\/csgo-trade.net\/pt-pt\/wp-json\/wp\/v2\/product_cat?post=5798"},{"taxonomy":"product_tag","embeddable":true,"href":"https:\/\/csgo-trade.net\/pt-pt\/wp-json\/wp\/v2\/product_tag?post=5798"}],"curies":[{"name":"wp","href":"https:\/\/api.w.org\/{rel}","templated":true}]}}