{"id":5608,"date":"2023-05-08T19:13:49","date_gmt":"2023-05-08T19:13:49","guid":{"rendered":"https:\/\/skinpoint.r-s.space\/?post_type=product&#038;p=5608"},"modified":"2025-08-21T09:17:17","modified_gmt":"2025-08-21T09:17:17","slug":"scar-20-army-sheen","status":"publish","type":"product","link":"https:\/\/csgo-trade.net\/pt-pt\/catalog\/scar-20-army-sheen\/","title":{"rendered":"SCAR-20 | Army Sheen"},"content":{"rendered":"<p>A SCAR-20 \u00e9 uma espingarda sniper semi-autom\u00e1tica que, apesar de ser cara e reduzir a mobilidade do seu portador, tem um ritmo elevado de disparo e causa uma elevada quantidade de dano a longas dist\u00e2ncias. Esta arma em particular foi revestida em pel\u00edcula metalizada e decorada com um padr\u00e3o de camuflagem.<\/p>\n","protected":false},"excerpt":{"rendered":"<p>A SCAR-20 \u00e9 uma espingarda sniper semi-autom\u00e1tica que, apesar de ser cara e reduzir a mobilidade do seu portador, tem um ritmo elevado de disparo e causa uma elevada quantidade de dano a longas dist\u00e2ncias. Esta arma em particular foi revestida em pel\u00edcula metalizada e decorada com um padr\u00e3o de camuflagem.<\/p>\n","protected":false},"featured_media":5610,"comment_status":"open","ping_status":"closed","template":"","meta":[],"product_brand":[],"product_cat":[192,254],"product_tag":[266],"class_list":{"0":"post-5608","1":"product","2":"type-product","3":"status-publish","4":"has-post-thumbnail","6":"product_cat-espingarda","7":"product_cat-scar-20-pt-pt","8":"product_tag-padrao-domestico","9":"pa_all-products-skins","11":"first","12":"instock","13":"shipping-taxable","14":"purchasable","15":"product-type-simple"},"_links":{"self":[{"href":"https:\/\/csgo-trade.net\/pt-pt\/wp-json\/wp\/v2\/product\/5608","targetHints":{"allow":["GET"]}}],"collection":[{"href":"https:\/\/csgo-trade.net\/pt-pt\/wp-json\/wp\/v2\/product"}],"about":[{"href":"https:\/\/csgo-trade.net\/pt-pt\/wp-json\/wp\/v2\/types\/product"}],"replies":[{"embeddable":true,"href":"https:\/\/csgo-trade.net\/pt-pt\/wp-json\/wp\/v2\/comments?post=5608"}],"wp:featuredmedia":[{"embeddable":true,"href":"https:\/\/csgo-trade.net\/pt-pt\/wp-json\/wp\/v2\/media\/5610"}],"wp:attachment":[{"href":"https:\/\/csgo-trade.net\/pt-pt\/wp-json\/wp\/v2\/media?parent=5608"}],"wp:term":[{"taxonomy":"product_brand","embeddable":true,"href":"https:\/\/csgo-trade.net\/pt-pt\/wp-json\/wp\/v2\/product_brand?post=5608"},{"taxonomy":"product_cat","embeddable":true,"href":"https:\/\/csgo-trade.net\/pt-pt\/wp-json\/wp\/v2\/product_cat?post=5608"},{"taxonomy":"product_tag","embeddable":true,"href":"https:\/\/csgo-trade.net\/pt-pt\/wp-json\/wp\/v2\/product_tag?post=5608"}],"curies":[{"name":"wp","href":"https:\/\/api.w.org\/{rel}","templated":true}]}}