{"id":5592,"date":"2023-05-08T19:07:33","date_gmt":"2023-05-08T19:07:33","guid":{"rendered":"https:\/\/skinpoint.r-s.space\/?post_type=product&#038;p=5592"},"modified":"2023-05-08T19:10:11","modified_gmt":"2023-05-08T19:10:11","slug":"sg-553-bleached","status":"publish","type":"product","link":"https:\/\/csgo-trade.net\/pt-pt\/catalog\/sg-553-bleached\/","title":{"rendered":"SG 553 | Bleached"},"content":{"rendered":"<p>A espingarda SG553 \u00e9 exclusiva para a equipa Terrorista e \u00e9 uma boa alternativa com mira telesc\u00f3pica \u00e0 AK-47 para confrontos de longa dist\u00e2ncia. Esta arma em particular foi pintada a spray com um padr\u00e3o de caveiras de animais.<\/p>\n","protected":false},"excerpt":{"rendered":"<p>A espingarda SG553 \u00e9 exclusiva para a equipa Terrorista e \u00e9 uma boa alternativa com mira telesc\u00f3pica \u00e0 AK-47 para confrontos de longa dist\u00e2ncia. Esta arma em particular foi pintada a spray com um padr\u00e3o de caveiras de animais.<\/p>\n","protected":false},"featured_media":5594,"comment_status":"open","ping_status":"closed","template":"","meta":[],"product_brand":[],"product_cat":[192,255],"product_tag":[266],"class_list":{"0":"post-5592","1":"product","2":"type-product","3":"status-publish","4":"has-post-thumbnail","6":"product_cat-espingarda","7":"product_cat-sg-553-pt-pt","8":"product_tag-padrao-domestico","9":"pa_all-products-skins","11":"first","12":"instock","13":"shipping-taxable","14":"purchasable","15":"product-type-simple"},"_links":{"self":[{"href":"https:\/\/csgo-trade.net\/pt-pt\/wp-json\/wp\/v2\/product\/5592","targetHints":{"allow":["GET"]}}],"collection":[{"href":"https:\/\/csgo-trade.net\/pt-pt\/wp-json\/wp\/v2\/product"}],"about":[{"href":"https:\/\/csgo-trade.net\/pt-pt\/wp-json\/wp\/v2\/types\/product"}],"replies":[{"embeddable":true,"href":"https:\/\/csgo-trade.net\/pt-pt\/wp-json\/wp\/v2\/comments?post=5592"}],"wp:featuredmedia":[{"embeddable":true,"href":"https:\/\/csgo-trade.net\/pt-pt\/wp-json\/wp\/v2\/media\/5594"}],"wp:attachment":[{"href":"https:\/\/csgo-trade.net\/pt-pt\/wp-json\/wp\/v2\/media?parent=5592"}],"wp:term":[{"taxonomy":"product_brand","embeddable":true,"href":"https:\/\/csgo-trade.net\/pt-pt\/wp-json\/wp\/v2\/product_brand?post=5592"},{"taxonomy":"product_cat","embeddable":true,"href":"https:\/\/csgo-trade.net\/pt-pt\/wp-json\/wp\/v2\/product_cat?post=5592"},{"taxonomy":"product_tag","embeddable":true,"href":"https:\/\/csgo-trade.net\/pt-pt\/wp-json\/wp\/v2\/product_tag?post=5592"}],"curies":[{"name":"wp","href":"https:\/\/api.w.org\/{rel}","templated":true}]}}