{"id":5527,"date":"2023-05-08T17:18:08","date_gmt":"2023-05-08T17:18:08","guid":{"rendered":"https:\/\/skinpoint.r-s.space\/?post_type=product&#038;p=5527"},"modified":"2023-05-08T17:19:52","modified_gmt":"2023-05-08T17:19:52","slug":"sg-553-cyberforce","status":"publish","type":"product","link":"https:\/\/csgo-trade.net\/pt-pt\/catalog\/sg-553-cyberforce\/","title":{"rendered":"SG 553 | Cyberforce"},"content":{"rendered":"<p>A espingarda SG553 \u00e9 exclusiva para a equipa Terrorista e \u00e9 uma boa alternativa com mira telesc\u00f3pica \u00e0 AK-47 para confrontos de longa dist\u00e2ncia. Esta arma em particular foi decorada com o log\u00f3tipo CYBERFORCE INC sobre um fundo vermelho e preto.\u00a0<i>&#8220;<\/i><\/p>\n","protected":false},"excerpt":{"rendered":"<p>A espingarda SG553 \u00e9 exclusiva para a equipa Terrorista e \u00e9 uma boa alternativa com mira telesc\u00f3pica \u00e0 AK-47 para confrontos de longa dist\u00e2ncia. Esta arma em particular foi decorada com o log\u00f3tipo CYBERFORCE INC sobre um fundo vermelho e preto.\u00a0&#8220;<\/p>\n","protected":false},"featured_media":5529,"comment_status":"open","ping_status":"closed","template":"","meta":[],"product_brand":[],"product_cat":[192,255],"product_tag":[194],"class_list":{"0":"post-5527","1":"product","2":"type-product","3":"status-publish","4":"has-post-thumbnail","6":"product_cat-espingarda","7":"product_cat-sg-553-pt-pt","8":"product_tag-padrao-militar","9":"pa_all-products-skins","11":"first","12":"instock","13":"shipping-taxable","14":"purchasable","15":"product-type-simple"},"_links":{"self":[{"href":"https:\/\/csgo-trade.net\/pt-pt\/wp-json\/wp\/v2\/product\/5527","targetHints":{"allow":["GET"]}}],"collection":[{"href":"https:\/\/csgo-trade.net\/pt-pt\/wp-json\/wp\/v2\/product"}],"about":[{"href":"https:\/\/csgo-trade.net\/pt-pt\/wp-json\/wp\/v2\/types\/product"}],"replies":[{"embeddable":true,"href":"https:\/\/csgo-trade.net\/pt-pt\/wp-json\/wp\/v2\/comments?post=5527"}],"wp:featuredmedia":[{"embeddable":true,"href":"https:\/\/csgo-trade.net\/pt-pt\/wp-json\/wp\/v2\/media\/5529"}],"wp:attachment":[{"href":"https:\/\/csgo-trade.net\/pt-pt\/wp-json\/wp\/v2\/media?parent=5527"}],"wp:term":[{"taxonomy":"product_brand","embeddable":true,"href":"https:\/\/csgo-trade.net\/pt-pt\/wp-json\/wp\/v2\/product_brand?post=5527"},{"taxonomy":"product_cat","embeddable":true,"href":"https:\/\/csgo-trade.net\/pt-pt\/wp-json\/wp\/v2\/product_cat?post=5527"},{"taxonomy":"product_tag","embeddable":true,"href":"https:\/\/csgo-trade.net\/pt-pt\/wp-json\/wp\/v2\/product_tag?post=5527"}],"curies":[{"name":"wp","href":"https:\/\/api.w.org\/{rel}","templated":true}]}}