{"id":5495,"date":"2023-05-08T17:08:05","date_gmt":"2023-05-08T17:08:05","guid":{"rendered":"https:\/\/skinpoint.r-s.space\/?post_type=product&#038;p=5495"},"modified":"2023-05-08T17:09:43","modified_gmt":"2023-05-08T17:09:43","slug":"mp5-sd-necro-jr","status":"publish","type":"product","link":"https:\/\/csgo-trade.net\/pt-pt\/catalog\/mp5-sd-necro-jr\/","title":{"rendered":"MP5-SD | Necro Jr."},"content":{"rendered":"<p>Muito imitada mas nunca igualada, a ic\u00f3nica MP5 \u00e9 talvez a submetralhadora mais vers\u00e1til e popular do mundo. Esta variante SD vem equipada com um silenciador integrado, o que deixa uma arma j\u00e1 formid\u00e1vel t\u00e3o silenciosa como um sussurro. Esta arma em particular foi pintada com criaturas de contos de fadas e uma galinha no silenciador.<\/p>\n","protected":false},"excerpt":{"rendered":"<p>Muito imitada mas nunca igualada, a ic\u00f3nica MP5 \u00e9 talvez a submetralhadora mais vers\u00e1til e popular do mundo. Esta variante SD vem equipada com um silenciador integrado, o que deixa uma arma j\u00e1 formid\u00e1vel t\u00e3o silenciosa como um sussurro. Esta arma em particular foi pintada com criaturas de contos de fadas e uma galinha no [&#8230;]\n","protected":false},"featured_media":5497,"comment_status":"open","ping_status":"closed","template":"","meta":[],"product_brand":[],"product_cat":[259,257],"product_tag":[194],"class_list":{"0":"post-5495","1":"product","2":"type-product","3":"status-publish","4":"has-post-thumbnail","6":"product_cat-mp5-sd-pt-pt","7":"product_cat-submetralhadoras","8":"product_tag-padrao-militar","9":"pa_all-products-skins","11":"first","12":"instock","13":"shipping-taxable","14":"purchasable","15":"product-type-simple"},"_links":{"self":[{"href":"https:\/\/csgo-trade.net\/pt-pt\/wp-json\/wp\/v2\/product\/5495","targetHints":{"allow":["GET"]}}],"collection":[{"href":"https:\/\/csgo-trade.net\/pt-pt\/wp-json\/wp\/v2\/product"}],"about":[{"href":"https:\/\/csgo-trade.net\/pt-pt\/wp-json\/wp\/v2\/types\/product"}],"replies":[{"embeddable":true,"href":"https:\/\/csgo-trade.net\/pt-pt\/wp-json\/wp\/v2\/comments?post=5495"}],"wp:featuredmedia":[{"embeddable":true,"href":"https:\/\/csgo-trade.net\/pt-pt\/wp-json\/wp\/v2\/media\/5497"}],"wp:attachment":[{"href":"https:\/\/csgo-trade.net\/pt-pt\/wp-json\/wp\/v2\/media?parent=5495"}],"wp:term":[{"taxonomy":"product_brand","embeddable":true,"href":"https:\/\/csgo-trade.net\/pt-pt\/wp-json\/wp\/v2\/product_brand?post=5495"},{"taxonomy":"product_cat","embeddable":true,"href":"https:\/\/csgo-trade.net\/pt-pt\/wp-json\/wp\/v2\/product_cat?post=5495"},{"taxonomy":"product_tag","embeddable":true,"href":"https:\/\/csgo-trade.net\/pt-pt\/wp-json\/wp\/v2\/product_tag?post=5495"}],"curies":[{"name":"wp","href":"https:\/\/api.w.org\/{rel}","templated":true}]}}