{"id":5407,"date":"2023-05-07T17:57:45","date_gmt":"2023-05-07T17:57:45","guid":{"rendered":"https:\/\/skinpoint.r-s.space\/?post_type=product&#038;p=5407"},"modified":"2023-05-07T18:00:07","modified_gmt":"2023-05-07T18:00:07","slug":"m9-bayonet-case-hardened","status":"publish","type":"product","link":"https:\/\/csgo-trade.net\/pt-pt\/catalog\/m9-bayonet-case-hardened\/","title":{"rendered":"M9 Bayonet | Case Hardened"},"content":{"rendered":"<p>A baioneta M-9, apesar de ser originalmente pensada para ser adaptada no cano de espingardas, \u00e9 igualmente letal como arma corpo a corpo. A cor deste item foi afetada por um processo de endurecimento externo atrav\u00e9s da aplica\u00e7\u00e3o de carv\u00e3o em temperaturas elevadas.<\/p>\n","protected":false},"excerpt":{"rendered":"<p>A baioneta M-9, apesar de ser originalmente pensada para ser adaptada no cano de espingardas, \u00e9 igualmente letal como arma corpo a corpo. A cor deste item foi afetada por um processo de endurecimento externo atrav\u00e9s da aplica\u00e7\u00e3o de carv\u00e3o em temperaturas elevadas.<\/p>\n","protected":false},"featured_media":5409,"comment_status":"open","ping_status":"closed","template":"","meta":[],"product_brand":[],"product_cat":[216,226],"product_tag":[267],"class_list":{"0":"post-5407","1":"product","2":"type-product","3":"status-publish","4":"has-post-thumbnail","6":"product_cat-facas","7":"product_cat-m9-bayonet-pt-pt","8":"product_tag-secreto","9":"pa_all-products-skins","11":"first","12":"instock","13":"shipping-taxable","14":"purchasable","15":"product-type-simple"},"_links":{"self":[{"href":"https:\/\/csgo-trade.net\/pt-pt\/wp-json\/wp\/v2\/product\/5407","targetHints":{"allow":["GET"]}}],"collection":[{"href":"https:\/\/csgo-trade.net\/pt-pt\/wp-json\/wp\/v2\/product"}],"about":[{"href":"https:\/\/csgo-trade.net\/pt-pt\/wp-json\/wp\/v2\/types\/product"}],"replies":[{"embeddable":true,"href":"https:\/\/csgo-trade.net\/pt-pt\/wp-json\/wp\/v2\/comments?post=5407"}],"wp:featuredmedia":[{"embeddable":true,"href":"https:\/\/csgo-trade.net\/pt-pt\/wp-json\/wp\/v2\/media\/5409"}],"wp:attachment":[{"href":"https:\/\/csgo-trade.net\/pt-pt\/wp-json\/wp\/v2\/media?parent=5407"}],"wp:term":[{"taxonomy":"product_brand","embeddable":true,"href":"https:\/\/csgo-trade.net\/pt-pt\/wp-json\/wp\/v2\/product_brand?post=5407"},{"taxonomy":"product_cat","embeddable":true,"href":"https:\/\/csgo-trade.net\/pt-pt\/wp-json\/wp\/v2\/product_cat?post=5407"},{"taxonomy":"product_tag","embeddable":true,"href":"https:\/\/csgo-trade.net\/pt-pt\/wp-json\/wp\/v2\/product_tag?post=5407"}],"curies":[{"name":"wp","href":"https:\/\/api.w.org\/{rel}","templated":true}]}}