{"id":5367,"date":"2023-05-07T17:42:18","date_gmt":"2023-05-07T17:42:18","guid":{"rendered":"https:\/\/skinpoint.r-s.space\/?post_type=product&#038;p=5367"},"modified":"2023-05-07T17:44:10","modified_gmt":"2023-05-07T17:44:10","slug":"faca-nomad-safari-mesh","status":"publish","type":"product","link":"https:\/\/csgo-trade.net\/pt-pt\/catalog\/faca-nomad-safari-mesh\/","title":{"rendered":"Faca Nomad | Safari Mesh"},"content":{"rendered":"<p>Esta faca de ca\u00e7a dobr\u00e1vel e ergon\u00f3mica possui um cabo de material comp\u00f3sito e uma l\u00e2mina refor\u00e7ada e larga, \u00fatil para cortar e separar materiais. Certas partes individuais deste item foram pintadas a spray, usando redes e papel\u00e3o como stencils.<\/p>\n","protected":false},"excerpt":{"rendered":"<p>Esta faca de ca\u00e7a dobr\u00e1vel e ergon\u00f3mica possui um cabo de material comp\u00f3sito e uma l\u00e2mina refor\u00e7ada e larga, \u00fatil para cortar e separar materiais. Certas partes individuais deste item foram pintadas a spray, usando redes e papel\u00e3o como stencils.<\/p>\n","protected":false},"featured_media":5369,"comment_status":"open","ping_status":"closed","template":"","meta":[],"product_brand":[],"product_cat":[228,216],"product_tag":[267],"class_list":{"0":"post-5367","1":"product","2":"type-product","3":"status-publish","4":"has-post-thumbnail","6":"product_cat-faca-nomad","7":"product_cat-facas","8":"product_tag-secreto","9":"pa_all-products-skins","11":"first","12":"instock","13":"shipping-taxable","14":"purchasable","15":"product-type-simple"},"_links":{"self":[{"href":"https:\/\/csgo-trade.net\/pt-pt\/wp-json\/wp\/v2\/product\/5367","targetHints":{"allow":["GET"]}}],"collection":[{"href":"https:\/\/csgo-trade.net\/pt-pt\/wp-json\/wp\/v2\/product"}],"about":[{"href":"https:\/\/csgo-trade.net\/pt-pt\/wp-json\/wp\/v2\/types\/product"}],"replies":[{"embeddable":true,"href":"https:\/\/csgo-trade.net\/pt-pt\/wp-json\/wp\/v2\/comments?post=5367"}],"wp:featuredmedia":[{"embeddable":true,"href":"https:\/\/csgo-trade.net\/pt-pt\/wp-json\/wp\/v2\/media\/5369"}],"wp:attachment":[{"href":"https:\/\/csgo-trade.net\/pt-pt\/wp-json\/wp\/v2\/media?parent=5367"}],"wp:term":[{"taxonomy":"product_brand","embeddable":true,"href":"https:\/\/csgo-trade.net\/pt-pt\/wp-json\/wp\/v2\/product_brand?post=5367"},{"taxonomy":"product_cat","embeddable":true,"href":"https:\/\/csgo-trade.net\/pt-pt\/wp-json\/wp\/v2\/product_cat?post=5367"},{"taxonomy":"product_tag","embeddable":true,"href":"https:\/\/csgo-trade.net\/pt-pt\/wp-json\/wp\/v2\/product_tag?post=5367"}],"curies":[{"name":"wp","href":"https:\/\/api.w.org\/{rel}","templated":true}]}}