{"id":5271,"date":"2023-05-07T17:05:34","date_gmt":"2023-05-07T17:05:34","guid":{"rendered":"https:\/\/skinpoint.r-s.space\/?post_type=product&#038;p=5271"},"modified":"2023-05-07T17:07:24","modified_gmt":"2023-05-07T17:07:24","slug":"faca-talon-slaughter","status":"publish","type":"product","link":"https:\/\/csgo-trade.net\/pt-pt\/catalog\/faca-talon-slaughter\/","title":{"rendered":"Faca Talon | Slaughter"},"content":{"rendered":"<p>Esta karambit com um punho de marfim possui rebites de lat\u00e3o e uma l\u00e2mina parcialmente serrada, para que corte quando entrar em contacto com o alvo e rasgue a carne quando sair. Este item foi pintado com um padr\u00e3o de listras de zebra com tintas de alum\u00ednio e cobre com v\u00e1rias refletividades, tendo sido depois tratado com uma camada de tinta vermelha.<\/p>\n","protected":false},"excerpt":{"rendered":"<p>Esta karambit com um punho de marfim possui rebites de lat\u00e3o e uma l\u00e2mina parcialmente serrada, para que corte quando entrar em contacto com o alvo e rasgue a carne quando sair. Este item foi pintado com um padr\u00e3o de listras de zebra com tintas de alum\u00ednio e cobre com v\u00e1rias refletividades, tendo sido depois [&#8230;]\n","protected":false},"featured_media":5273,"comment_status":"open","ping_status":"closed","template":"","meta":[],"product_brand":[],"product_cat":[234,216],"product_tag":[267],"class_list":{"0":"post-5271","1":"product","2":"type-product","3":"status-publish","4":"has-post-thumbnail","6":"product_cat-faca-talon","7":"product_cat-facas","8":"product_tag-secreto","9":"pa_all-products-skins","11":"first","12":"instock","13":"shipping-taxable","14":"purchasable","15":"product-type-simple"},"_links":{"self":[{"href":"https:\/\/csgo-trade.net\/pt-pt\/wp-json\/wp\/v2\/product\/5271","targetHints":{"allow":["GET"]}}],"collection":[{"href":"https:\/\/csgo-trade.net\/pt-pt\/wp-json\/wp\/v2\/product"}],"about":[{"href":"https:\/\/csgo-trade.net\/pt-pt\/wp-json\/wp\/v2\/types\/product"}],"replies":[{"embeddable":true,"href":"https:\/\/csgo-trade.net\/pt-pt\/wp-json\/wp\/v2\/comments?post=5271"}],"wp:featuredmedia":[{"embeddable":true,"href":"https:\/\/csgo-trade.net\/pt-pt\/wp-json\/wp\/v2\/media\/5273"}],"wp:attachment":[{"href":"https:\/\/csgo-trade.net\/pt-pt\/wp-json\/wp\/v2\/media?parent=5271"}],"wp:term":[{"taxonomy":"product_brand","embeddable":true,"href":"https:\/\/csgo-trade.net\/pt-pt\/wp-json\/wp\/v2\/product_brand?post=5271"},{"taxonomy":"product_cat","embeddable":true,"href":"https:\/\/csgo-trade.net\/pt-pt\/wp-json\/wp\/v2\/product_cat?post=5271"},{"taxonomy":"product_tag","embeddable":true,"href":"https:\/\/csgo-trade.net\/pt-pt\/wp-json\/wp\/v2\/product_tag?post=5271"}],"curies":[{"name":"wp","href":"https:\/\/api.w.org\/{rel}","templated":true}]}}