{"id":5238,"date":"2023-05-06T10:44:52","date_gmt":"2023-05-06T10:44:52","guid":{"rendered":"https:\/\/skinpoint.r-s.space\/?post_type=product&#038;p=5238"},"modified":"2023-05-06T10:47:37","modified_gmt":"2023-05-06T10:47:37","slug":"faca-ursus-blue-steel","status":"publish","type":"product","link":"https:\/\/csgo-trade.net\/pt-pt\/catalog\/faca-ursus-blue-steel\/","title":{"rendered":"Faca Ursus | Blue Steel"},"content":{"rendered":"<p>Esta faca de sobreviv\u00eancia estilo tant\u014d trata-se de um modelo integral com uma l\u00e2mina facetada e complementado com um punho de impacto. Sem complica\u00e7\u00f5es nem pe\u00e7as m\u00f3veis &#8211; apenas uma faca confi\u00e1vel e sempre pronta para qualquer trabalho. Este item foi oxidado.<\/p>\n","protected":false},"excerpt":{"rendered":"<p>Esta faca de sobreviv\u00eancia estilo tant\u014d trata-se de um modelo integral com uma l\u00e2mina facetada e complementado com um punho de impacto. Sem complica\u00e7\u00f5es nem pe\u00e7as m\u00f3veis &#8211; apenas uma faca confi\u00e1vel e sempre pronta para qualquer trabalho. Este item foi oxidado.<\/p>\n","protected":false},"featured_media":5240,"comment_status":"open","ping_status":"closed","template":"","meta":[],"product_brand":[],"product_cat":[235,216],"product_tag":[267],"class_list":{"0":"post-5238","1":"product","2":"type-product","3":"status-publish","4":"has-post-thumbnail","6":"product_cat-faca-ursus","7":"product_cat-facas","8":"product_tag-secreto","9":"pa_all-products-skins","11":"first","12":"instock","13":"shipping-taxable","14":"purchasable","15":"product-type-simple"},"_links":{"self":[{"href":"https:\/\/csgo-trade.net\/pt-pt\/wp-json\/wp\/v2\/product\/5238","targetHints":{"allow":["GET"]}}],"collection":[{"href":"https:\/\/csgo-trade.net\/pt-pt\/wp-json\/wp\/v2\/product"}],"about":[{"href":"https:\/\/csgo-trade.net\/pt-pt\/wp-json\/wp\/v2\/types\/product"}],"replies":[{"embeddable":true,"href":"https:\/\/csgo-trade.net\/pt-pt\/wp-json\/wp\/v2\/comments?post=5238"}],"wp:featuredmedia":[{"embeddable":true,"href":"https:\/\/csgo-trade.net\/pt-pt\/wp-json\/wp\/v2\/media\/5240"}],"wp:attachment":[{"href":"https:\/\/csgo-trade.net\/pt-pt\/wp-json\/wp\/v2\/media?parent=5238"}],"wp:term":[{"taxonomy":"product_brand","embeddable":true,"href":"https:\/\/csgo-trade.net\/pt-pt\/wp-json\/wp\/v2\/product_brand?post=5238"},{"taxonomy":"product_cat","embeddable":true,"href":"https:\/\/csgo-trade.net\/pt-pt\/wp-json\/wp\/v2\/product_cat?post=5238"},{"taxonomy":"product_tag","embeddable":true,"href":"https:\/\/csgo-trade.net\/pt-pt\/wp-json\/wp\/v2\/product_tag?post=5238"}],"curies":[{"name":"wp","href":"https:\/\/api.w.org\/{rel}","templated":true}]}}