{"id":5198,"date":"2023-05-06T10:24:17","date_gmt":"2023-05-06T10:24:17","guid":{"rendered":"https:\/\/skinpoint.r-s.space\/?post_type=product&#038;p=5198"},"modified":"2023-05-06T10:26:39","modified_gmt":"2023-05-06T10:26:39","slug":"faca-navaja-tiger-tooth","status":"publish","type":"product","link":"https:\/\/csgo-trade.net\/pt-pt\/catalog\/faca-navaja-tiger-tooth\/","title":{"rendered":"Faca Navaja | Tiger Tooth"},"content":{"rendered":"<p>Esta navalha de punho de m\u00e1rmore e esmalte esconde uma l\u00e2mina pequena, por\u00e9m cruelmente afiada. Esta arma foi anodizada de laranja e decorada com um padr\u00e3o de listras.<\/p>\n","protected":false},"excerpt":{"rendered":"<p>Esta navalha de punho de m\u00e1rmore e esmalte esconde uma l\u00e2mina pequena, por\u00e9m cruelmente afiada. Esta arma foi anodizada de laranja e decorada com um padr\u00e3o de listras.<\/p>\n","protected":false},"featured_media":5200,"comment_status":"open","ping_status":"closed","template":"","meta":[],"product_brand":[],"product_cat":[227,216],"product_tag":[267],"class_list":{"0":"post-5198","1":"product","2":"type-product","3":"status-publish","4":"has-post-thumbnail","6":"product_cat-faca-navaja","7":"product_cat-facas","8":"product_tag-secreto","9":"pa_all-products-skins","11":"first","12":"instock","13":"shipping-taxable","14":"purchasable","15":"product-type-simple"},"_links":{"self":[{"href":"https:\/\/csgo-trade.net\/pt-pt\/wp-json\/wp\/v2\/product\/5198","targetHints":{"allow":["GET"]}}],"collection":[{"href":"https:\/\/csgo-trade.net\/pt-pt\/wp-json\/wp\/v2\/product"}],"about":[{"href":"https:\/\/csgo-trade.net\/pt-pt\/wp-json\/wp\/v2\/types\/product"}],"replies":[{"embeddable":true,"href":"https:\/\/csgo-trade.net\/pt-pt\/wp-json\/wp\/v2\/comments?post=5198"}],"wp:featuredmedia":[{"embeddable":true,"href":"https:\/\/csgo-trade.net\/pt-pt\/wp-json\/wp\/v2\/media\/5200"}],"wp:attachment":[{"href":"https:\/\/csgo-trade.net\/pt-pt\/wp-json\/wp\/v2\/media?parent=5198"}],"wp:term":[{"taxonomy":"product_brand","embeddable":true,"href":"https:\/\/csgo-trade.net\/pt-pt\/wp-json\/wp\/v2\/product_brand?post=5198"},{"taxonomy":"product_cat","embeddable":true,"href":"https:\/\/csgo-trade.net\/pt-pt\/wp-json\/wp\/v2\/product_cat?post=5198"},{"taxonomy":"product_tag","embeddable":true,"href":"https:\/\/csgo-trade.net\/pt-pt\/wp-json\/wp\/v2\/product_tag?post=5198"}],"curies":[{"name":"wp","href":"https:\/\/api.w.org\/{rel}","templated":true}]}}