{"id":5131,"date":"2023-05-05T15:52:49","date_gmt":"2023-05-05T15:52:49","guid":{"rendered":"https:\/\/skinpoint.r-s.space\/?post_type=product&#038;p=5131"},"modified":"2023-05-05T15:54:59","modified_gmt":"2023-05-05T15:54:59","slug":"karambit-autotronic","status":"publish","type":"product","link":"https:\/\/csgo-trade.net\/pt-pt\/catalog\/karambit-autotronic\/","title":{"rendered":"Karambit | Autotronic"},"content":{"rendered":"<p>A karambit \u00e9 uma faca vinda da Indon\u00e9sia, cuja forma curva foi inspirada nas garras dos tigres, e faz parte da tradi\u00e7\u00e3o das artes marciais de &#8220;silat&#8221; do Sudeste Asi\u00e1tico. A faca \u00e9 tipicamente empunhada para baixo, com o dedo indicador no aro. Esta arma em particular foi anodizada de vermelho e \u00e9 extremamente leve por ser feita de fibra de a\u00e7o inoxid\u00e1vel.<\/p>\n","protected":false},"excerpt":{"rendered":"<p>A karambit \u00e9 uma faca vinda da Indon\u00e9sia, cuja forma curva foi inspirada nas garras dos tigres, e faz parte da tradi\u00e7\u00e3o das artes marciais de &#8220;silat&#8221; do Sudeste Asi\u00e1tico. A faca \u00e9 tipicamente empunhada para baixo, com o dedo indicador no aro. Esta arma em particular foi anodizada de vermelho e \u00e9 extremamente leve [&#8230;]\n","protected":false},"featured_media":5133,"comment_status":"open","ping_status":"closed","template":"","meta":[],"product_brand":[],"product_cat":[216,225],"product_tag":[267],"class_list":{"0":"post-5131","1":"product","2":"type-product","3":"status-publish","4":"has-post-thumbnail","6":"product_cat-facas","7":"product_cat-karambit-pt-pt","8":"product_tag-secreto","9":"pa_all-products-skins","11":"first","12":"instock","13":"shipping-taxable","14":"purchasable","15":"product-type-simple"},"_links":{"self":[{"href":"https:\/\/csgo-trade.net\/pt-pt\/wp-json\/wp\/v2\/product\/5131","targetHints":{"allow":["GET"]}}],"collection":[{"href":"https:\/\/csgo-trade.net\/pt-pt\/wp-json\/wp\/v2\/product"}],"about":[{"href":"https:\/\/csgo-trade.net\/pt-pt\/wp-json\/wp\/v2\/types\/product"}],"replies":[{"embeddable":true,"href":"https:\/\/csgo-trade.net\/pt-pt\/wp-json\/wp\/v2\/comments?post=5131"}],"wp:featuredmedia":[{"embeddable":true,"href":"https:\/\/csgo-trade.net\/pt-pt\/wp-json\/wp\/v2\/media\/5133"}],"wp:attachment":[{"href":"https:\/\/csgo-trade.net\/pt-pt\/wp-json\/wp\/v2\/media?parent=5131"}],"wp:term":[{"taxonomy":"product_brand","embeddable":true,"href":"https:\/\/csgo-trade.net\/pt-pt\/wp-json\/wp\/v2\/product_brand?post=5131"},{"taxonomy":"product_cat","embeddable":true,"href":"https:\/\/csgo-trade.net\/pt-pt\/wp-json\/wp\/v2\/product_cat?post=5131"},{"taxonomy":"product_tag","embeddable":true,"href":"https:\/\/csgo-trade.net\/pt-pt\/wp-json\/wp\/v2\/product_tag?post=5131"}],"curies":[{"name":"wp","href":"https:\/\/api.w.org\/{rel}","templated":true}]}}