{"id":5114,"date":"2023-05-05T15:46:07","date_gmt":"2023-05-05T15:46:07","guid":{"rendered":"https:\/\/skinpoint.r-s.space\/?post_type=product&#038;p=5114"},"modified":"2023-05-05T15:48:06","modified_gmt":"2023-05-05T15:48:06","slug":"faca-classica-boreal-forest","status":"publish","type":"product","link":"https:\/\/csgo-trade.net\/pt-pt\/catalog\/faca-classica-boreal-forest\/","title":{"rendered":"Faca Cl\u00e1ssica | Boreal Forest"},"content":{"rendered":"<p>Um cl\u00e1ssico da s\u00e9rie Counter-Strike, esta faca representa um equil\u00edbrio harmonioso entre a estelite no fio da l\u00e2mina e o tit\u00e2nio no dorso e na superf\u00edcie. O cabo \u00e9 feito de marfim de mastodonte fossilizado, refor\u00e7ado com fibra de carbono. Este item foi pintado com um padr\u00e3o de camuflagem.<\/p>\n","protected":false},"excerpt":{"rendered":"<p>Um cl\u00e1ssico da s\u00e9rie Counter-Strike, esta faca representa um equil\u00edbrio harmonioso entre a estelite no fio da l\u00e2mina e o tit\u00e2nio no dorso e na superf\u00edcie. O cabo \u00e9 feito de marfim de mastodonte fossilizado, refor\u00e7ado com fibra de carbono. Este item foi pintado com um padr\u00e3o de camuflagem.<\/p>\n","protected":false},"featured_media":5116,"comment_status":"open","ping_status":"closed","template":"","meta":[],"product_brand":[],"product_cat":[220,216],"product_tag":[267],"class_list":{"0":"post-5114","1":"product","2":"type-product","3":"status-publish","4":"has-post-thumbnail","6":"product_cat-faca-classica","7":"product_cat-facas","8":"product_tag-secreto","9":"pa_all-products-skins","11":"first","12":"instock","13":"shipping-taxable","14":"purchasable","15":"product-type-simple"},"_links":{"self":[{"href":"https:\/\/csgo-trade.net\/pt-pt\/wp-json\/wp\/v2\/product\/5114","targetHints":{"allow":["GET"]}}],"collection":[{"href":"https:\/\/csgo-trade.net\/pt-pt\/wp-json\/wp\/v2\/product"}],"about":[{"href":"https:\/\/csgo-trade.net\/pt-pt\/wp-json\/wp\/v2\/types\/product"}],"replies":[{"embeddable":true,"href":"https:\/\/csgo-trade.net\/pt-pt\/wp-json\/wp\/v2\/comments?post=5114"}],"wp:featuredmedia":[{"embeddable":true,"href":"https:\/\/csgo-trade.net\/pt-pt\/wp-json\/wp\/v2\/media\/5116"}],"wp:attachment":[{"href":"https:\/\/csgo-trade.net\/pt-pt\/wp-json\/wp\/v2\/media?parent=5114"}],"wp:term":[{"taxonomy":"product_brand","embeddable":true,"href":"https:\/\/csgo-trade.net\/pt-pt\/wp-json\/wp\/v2\/product_brand?post=5114"},{"taxonomy":"product_cat","embeddable":true,"href":"https:\/\/csgo-trade.net\/pt-pt\/wp-json\/wp\/v2\/product_cat?post=5114"},{"taxonomy":"product_tag","embeddable":true,"href":"https:\/\/csgo-trade.net\/pt-pt\/wp-json\/wp\/v2\/product_tag?post=5114"}],"curies":[{"name":"wp","href":"https:\/\/api.w.org\/{rel}","templated":true}]}}