{"id":5076,"date":"2023-05-05T10:58:48","date_gmt":"2023-05-05T10:58:48","guid":{"rendered":"https:\/\/skinpoint.r-s.space\/?post_type=product&#038;p=5076"},"modified":"2023-05-05T11:00:52","modified_gmt":"2023-05-05T11:00:52","slug":"faca-classica-stained","status":"publish","type":"product","link":"https:\/\/csgo-trade.net\/pt-pt\/catalog\/faca-classica-stained\/","title":{"rendered":"Faca Cl\u00e1ssica | Stained"},"content":{"rendered":"<p>Um cl\u00e1ssico da s\u00e9rie Counter-Strike, esta faca representa um equil\u00edbrio harmonioso entre a estelite no fio da l\u00e2mina e o tit\u00e2nio no dorso e na superf\u00edcie. O cabo \u00e9 feito de marfim de mastodonte fossilizado, refor\u00e7ado com fibra de carbono. Este item tem uma camada de p\u00e1tina, formada pelo contacto for\u00e7ado com elementos como o lim\u00e3o e a mostarda.<\/p>\n","protected":false},"excerpt":{"rendered":"<p>Um cl\u00e1ssico da s\u00e9rie Counter-Strike, esta faca representa um equil\u00edbrio harmonioso entre a estelite no fio da l\u00e2mina e o tit\u00e2nio no dorso e na superf\u00edcie. O cabo \u00e9 feito de marfim de mastodonte fossilizado, refor\u00e7ado com fibra de carbono. Este item tem uma camada de p\u00e1tina, formada pelo contacto for\u00e7ado com elementos como o [&#8230;]\n","protected":false},"featured_media":5078,"comment_status":"open","ping_status":"closed","template":"","meta":[],"product_brand":[],"product_cat":[220,216],"product_tag":[267],"class_list":{"0":"post-5076","1":"product","2":"type-product","3":"status-publish","4":"has-post-thumbnail","6":"product_cat-faca-classica","7":"product_cat-facas","8":"product_tag-secreto","9":"pa_all-products-skins","11":"first","12":"instock","13":"shipping-taxable","14":"purchasable","15":"product-type-simple"},"_links":{"self":[{"href":"https:\/\/csgo-trade.net\/pt-pt\/wp-json\/wp\/v2\/product\/5076","targetHints":{"allow":["GET"]}}],"collection":[{"href":"https:\/\/csgo-trade.net\/pt-pt\/wp-json\/wp\/v2\/product"}],"about":[{"href":"https:\/\/csgo-trade.net\/pt-pt\/wp-json\/wp\/v2\/types\/product"}],"replies":[{"embeddable":true,"href":"https:\/\/csgo-trade.net\/pt-pt\/wp-json\/wp\/v2\/comments?post=5076"}],"wp:featuredmedia":[{"embeddable":true,"href":"https:\/\/csgo-trade.net\/pt-pt\/wp-json\/wp\/v2\/media\/5078"}],"wp:attachment":[{"href":"https:\/\/csgo-trade.net\/pt-pt\/wp-json\/wp\/v2\/media?parent=5076"}],"wp:term":[{"taxonomy":"product_brand","embeddable":true,"href":"https:\/\/csgo-trade.net\/pt-pt\/wp-json\/wp\/v2\/product_brand?post=5076"},{"taxonomy":"product_cat","embeddable":true,"href":"https:\/\/csgo-trade.net\/pt-pt\/wp-json\/wp\/v2\/product_cat?post=5076"},{"taxonomy":"product_tag","embeddable":true,"href":"https:\/\/csgo-trade.net\/pt-pt\/wp-json\/wp\/v2\/product_tag?post=5076"}],"curies":[{"name":"wp","href":"https:\/\/api.w.org\/{rel}","templated":true}]}}