{"id":5028,"date":"2023-05-05T08:53:19","date_gmt":"2023-05-05T08:53:19","guid":{"rendered":"https:\/\/skinpoint.r-s.space\/?post_type=product&#038;p=5028"},"modified":"2023-05-05T08:55:38","modified_gmt":"2023-05-05T08:55:38","slug":"sawed-off-spirit-board","status":"publish","type":"product","link":"https:\/\/csgo-trade.net\/pt-pt\/catalog\/sawed-off-spirit-board\/","title":{"rendered":"Sawed-Off | Spirit Board"},"content":{"rendered":"<p>Esta cl\u00e1ssica ca\u00e7adeira de cano serrado causa imenso dano a curtas dist\u00e2ncias, mas com a sua baixa precis\u00e3o, elevada dispers\u00e3o e ritmo lento dos disparos, \u00e9 melhor que tenhas boa pontaria. Esta arma em particular foi pintada de forma a se parecer com um tabuleiro de ouija desgastado.<\/p>\n","protected":false},"excerpt":{"rendered":"<p>Esta cl\u00e1ssica ca\u00e7adeira de cano serrado causa imenso dano a curtas dist\u00e2ncias, mas com a sua baixa precis\u00e3o, elevada dispers\u00e3o e ritmo lento dos disparos, \u00e9 melhor que tenhas boa pontaria. Esta arma em particular foi pintada de forma a se parecer com um tabuleiro de ouija desgastado.<\/p>\n","protected":false},"featured_media":5030,"comment_status":"open","ping_status":"closed","template":"","meta":[],"product_brand":[],"product_cat":[209,214],"product_tag":[194],"class_list":{"0":"post-5028","1":"product","2":"type-product","3":"status-publish","4":"has-post-thumbnail","6":"product_cat-arma-pesada","7":"product_cat-sawed-off-pt-pt","8":"product_tag-padrao-militar","9":"pa_all-products-skins","11":"first","12":"instock","13":"shipping-taxable","14":"purchasable","15":"product-type-simple"},"_links":{"self":[{"href":"https:\/\/csgo-trade.net\/pt-pt\/wp-json\/wp\/v2\/product\/5028","targetHints":{"allow":["GET"]}}],"collection":[{"href":"https:\/\/csgo-trade.net\/pt-pt\/wp-json\/wp\/v2\/product"}],"about":[{"href":"https:\/\/csgo-trade.net\/pt-pt\/wp-json\/wp\/v2\/types\/product"}],"replies":[{"embeddable":true,"href":"https:\/\/csgo-trade.net\/pt-pt\/wp-json\/wp\/v2\/comments?post=5028"}],"wp:featuredmedia":[{"embeddable":true,"href":"https:\/\/csgo-trade.net\/pt-pt\/wp-json\/wp\/v2\/media\/5030"}],"wp:attachment":[{"href":"https:\/\/csgo-trade.net\/pt-pt\/wp-json\/wp\/v2\/media?parent=5028"}],"wp:term":[{"taxonomy":"product_brand","embeddable":true,"href":"https:\/\/csgo-trade.net\/pt-pt\/wp-json\/wp\/v2\/product_brand?post=5028"},{"taxonomy":"product_cat","embeddable":true,"href":"https:\/\/csgo-trade.net\/pt-pt\/wp-json\/wp\/v2\/product_cat?post=5028"},{"taxonomy":"product_tag","embeddable":true,"href":"https:\/\/csgo-trade.net\/pt-pt\/wp-json\/wp\/v2\/product_tag?post=5028"}],"curies":[{"name":"wp","href":"https:\/\/api.w.org\/{rel}","templated":true}]}}