{"id":4842,"date":"2023-05-04T11:47:28","date_gmt":"2023-05-04T11:47:28","guid":{"rendered":"https:\/\/skinpoint.r-s.space\/?post_type=product&#038;p=4842"},"modified":"2025-08-21T09:15:26","modified_gmt":"2025-08-21T09:15:26","slug":"negev-infrastructure","status":"publish","type":"product","link":"https:\/\/csgo-trade.net\/pt-pt\/catalog\/negev-infrastructure\/","title":{"rendered":"Negev | Infrastructure"},"content":{"rendered":"<p>A Negev \u00e9 uma metralhadora capaz de manter os inimigos \u00e0 dist\u00e2ncia gra\u00e7as aos seus disparos supressivos e precisos, desde que disponhas do tempo necess\u00e1rio para control\u00e1-la. Esta arma em particular foi decorada com um padr\u00e3o hidrogr\u00e1fico da planta do 51.\u00ba andar, que inclui os esquemas de liga\u00e7\u00e3o e as unidades de AVAC.<\/p>\n","protected":false},"excerpt":{"rendered":"<p>A Negev \u00e9 uma metralhadora capaz de manter os inimigos \u00e0 dist\u00e2ncia gra\u00e7as aos seus disparos supressivos e precisos, desde que disponhas do tempo necess\u00e1rio para control\u00e1-la. Esta arma em particular foi decorada com um padr\u00e3o hidrogr\u00e1fico da planta do 51.\u00ba andar, que inclui os esquemas de liga\u00e7\u00e3o e as unidades de AVAC.<\/p>\n","protected":false},"featured_media":4844,"comment_status":"open","ping_status":"closed","template":"","meta":[],"product_brand":[],"product_cat":[209,212],"product_tag":[194],"class_list":{"0":"post-4842","1":"product","2":"type-product","3":"status-publish","4":"has-post-thumbnail","6":"product_cat-arma-pesada","7":"product_cat-negev-pt-pt","8":"product_tag-padrao-militar","9":"pa_all-products-skins","11":"first","12":"instock","13":"shipping-taxable","14":"purchasable","15":"product-type-simple"},"_links":{"self":[{"href":"https:\/\/csgo-trade.net\/pt-pt\/wp-json\/wp\/v2\/product\/4842","targetHints":{"allow":["GET"]}}],"collection":[{"href":"https:\/\/csgo-trade.net\/pt-pt\/wp-json\/wp\/v2\/product"}],"about":[{"href":"https:\/\/csgo-trade.net\/pt-pt\/wp-json\/wp\/v2\/types\/product"}],"replies":[{"embeddable":true,"href":"https:\/\/csgo-trade.net\/pt-pt\/wp-json\/wp\/v2\/comments?post=4842"}],"wp:featuredmedia":[{"embeddable":true,"href":"https:\/\/csgo-trade.net\/pt-pt\/wp-json\/wp\/v2\/media\/4844"}],"wp:attachment":[{"href":"https:\/\/csgo-trade.net\/pt-pt\/wp-json\/wp\/v2\/media?parent=4842"}],"wp:term":[{"taxonomy":"product_brand","embeddable":true,"href":"https:\/\/csgo-trade.net\/pt-pt\/wp-json\/wp\/v2\/product_brand?post=4842"},{"taxonomy":"product_cat","embeddable":true,"href":"https:\/\/csgo-trade.net\/pt-pt\/wp-json\/wp\/v2\/product_cat?post=4842"},{"taxonomy":"product_tag","embeddable":true,"href":"https:\/\/csgo-trade.net\/pt-pt\/wp-json\/wp\/v2\/product_tag?post=4842"}],"curies":[{"name":"wp","href":"https:\/\/api.w.org\/{rel}","templated":true}]}}