{"id":4775,"date":"2023-05-03T14:31:21","date_gmt":"2023-05-03T14:31:21","guid":{"rendered":"https:\/\/skinpoint.r-s.space\/?post_type=product&#038;p=4775"},"modified":"2025-08-21T09:15:15","modified_gmt":"2025-08-21T09:15:15","slug":"m249-emerald-poison-dart","status":"publish","type":"product","link":"https:\/\/csgo-trade.net\/pt-pt\/catalog\/m249-emerald-poison-dart\/","title":{"rendered":"M249 | Emerald Poison Dart"},"content":{"rendered":"<p class=\"ItemPage-description\">Tratando-se de uma potente metralhadora para espa\u00e7os abertos, a M249 \u00e9 a escolha perfeita para jogadores que n\u00e3o se importam com um ritmo de disparo lento e procuram uma maior precis\u00e3o e muitas, mas mesmo muitas, balas. Esta arma em particular foi decorada com um padr\u00e3o inspirado na pele da r\u00e3 venenosa azul.<\/p>\n","protected":false},"excerpt":{"rendered":"<p>Tratando-se de uma potente metralhadora para espa\u00e7os abertos, a M249 \u00e9 a escolha perfeita para jogadores que n\u00e3o se importam com um ritmo de disparo lento e procuram uma maior precis\u00e3o e muitas, mas mesmo muitas, balas. Esta arma em particular foi decorada com um padr\u00e3o inspirado na pele da r\u00e3 venenosa azul.<\/p>\n","protected":false},"featured_media":4777,"comment_status":"open","ping_status":"closed","template":"","meta":[],"product_brand":[],"product_cat":[209,210],"product_tag":[270],"class_list":{"0":"post-4775","1":"product","2":"type-product","3":"status-publish","4":"has-post-thumbnail","6":"product_cat-arma-pesada","7":"product_cat-m249-pt-pt","8":"product_tag-restrito","9":"pa_all-products-skins","11":"first","12":"instock","13":"shipping-taxable","14":"purchasable","15":"product-type-simple"},"_links":{"self":[{"href":"https:\/\/csgo-trade.net\/pt-pt\/wp-json\/wp\/v2\/product\/4775","targetHints":{"allow":["GET"]}}],"collection":[{"href":"https:\/\/csgo-trade.net\/pt-pt\/wp-json\/wp\/v2\/product"}],"about":[{"href":"https:\/\/csgo-trade.net\/pt-pt\/wp-json\/wp\/v2\/types\/product"}],"replies":[{"embeddable":true,"href":"https:\/\/csgo-trade.net\/pt-pt\/wp-json\/wp\/v2\/comments?post=4775"}],"wp:featuredmedia":[{"embeddable":true,"href":"https:\/\/csgo-trade.net\/pt-pt\/wp-json\/wp\/v2\/media\/4777"}],"wp:attachment":[{"href":"https:\/\/csgo-trade.net\/pt-pt\/wp-json\/wp\/v2\/media?parent=4775"}],"wp:term":[{"taxonomy":"product_brand","embeddable":true,"href":"https:\/\/csgo-trade.net\/pt-pt\/wp-json\/wp\/v2\/product_brand?post=4775"},{"taxonomy":"product_cat","embeddable":true,"href":"https:\/\/csgo-trade.net\/pt-pt\/wp-json\/wp\/v2\/product_cat?post=4775"},{"taxonomy":"product_tag","embeddable":true,"href":"https:\/\/csgo-trade.net\/pt-pt\/wp-json\/wp\/v2\/product_tag?post=4775"}],"curies":[{"name":"wp","href":"https:\/\/api.w.org\/{rel}","templated":true}]}}