{"id":4759,"date":"2023-05-03T14:25:10","date_gmt":"2023-05-03T14:25:10","guid":{"rendered":"https:\/\/skinpoint.r-s.space\/?post_type=product&#038;p=4759"},"modified":"2025-08-21T09:15:17","modified_gmt":"2025-08-21T09:15:17","slug":"m249-downtown","status":"publish","type":"product","link":"https:\/\/csgo-trade.net\/pt-pt\/catalog\/m249-downtown\/","title":{"rendered":"M249 | Downtown"},"content":{"rendered":"<p class=\"ItemPage-description\">Tratando-se de uma potente metralhadora para espa\u00e7os abertos, a M249 \u00e9 a escolha perfeita para jogadores que n\u00e3o se importam com um ritmo de disparo lento e procuram uma maior precis\u00e3o e muitas, mas mesmo muitas, balas. Esta arma em particular foi decorada com setas azuis e cor-de-rosa a apontar em todas as dire\u00e7\u00f5es.<\/p>\n","protected":false},"excerpt":{"rendered":"<p>Tratando-se de uma potente metralhadora para espa\u00e7os abertos, a M249 \u00e9 a escolha perfeita para jogadores que n\u00e3o se importam com um ritmo de disparo lento e procuram uma maior precis\u00e3o e muitas, mas mesmo muitas, balas. Esta arma em particular foi decorada com setas azuis e cor-de-rosa a apontar em todas as dire\u00e7\u00f5es.<\/p>\n","protected":false},"featured_media":4761,"comment_status":"open","ping_status":"closed","template":"","meta":[],"product_brand":[],"product_cat":[209,210],"product_tag":[270],"class_list":{"0":"post-4759","1":"product","2":"type-product","3":"status-publish","4":"has-post-thumbnail","6":"product_cat-arma-pesada","7":"product_cat-m249-pt-pt","8":"product_tag-restrito","9":"pa_all-products-skins","11":"first","12":"instock","13":"shipping-taxable","14":"purchasable","15":"product-type-simple"},"_links":{"self":[{"href":"https:\/\/csgo-trade.net\/pt-pt\/wp-json\/wp\/v2\/product\/4759","targetHints":{"allow":["GET"]}}],"collection":[{"href":"https:\/\/csgo-trade.net\/pt-pt\/wp-json\/wp\/v2\/product"}],"about":[{"href":"https:\/\/csgo-trade.net\/pt-pt\/wp-json\/wp\/v2\/types\/product"}],"replies":[{"embeddable":true,"href":"https:\/\/csgo-trade.net\/pt-pt\/wp-json\/wp\/v2\/comments?post=4759"}],"wp:featuredmedia":[{"embeddable":true,"href":"https:\/\/csgo-trade.net\/pt-pt\/wp-json\/wp\/v2\/media\/4761"}],"wp:attachment":[{"href":"https:\/\/csgo-trade.net\/pt-pt\/wp-json\/wp\/v2\/media?parent=4759"}],"wp:term":[{"taxonomy":"product_brand","embeddable":true,"href":"https:\/\/csgo-trade.net\/pt-pt\/wp-json\/wp\/v2\/product_brand?post=4759"},{"taxonomy":"product_cat","embeddable":true,"href":"https:\/\/csgo-trade.net\/pt-pt\/wp-json\/wp\/v2\/product_cat?post=4759"},{"taxonomy":"product_tag","embeddable":true,"href":"https:\/\/csgo-trade.net\/pt-pt\/wp-json\/wp\/v2\/product_tag?post=4759"}],"curies":[{"name":"wp","href":"https:\/\/api.w.org\/{rel}","templated":true}]}}