{"id":4719,"date":"2023-05-03T13:09:33","date_gmt":"2023-05-03T13:09:33","guid":{"rendered":"https:\/\/skinpoint.r-s.space\/?post_type=product&#038;p=4719"},"modified":"2023-05-03T13:11:28","modified_gmt":"2023-05-03T13:11:28","slug":"luvas-desportivas-hedge-maze","status":"publish","type":"product","link":"https:\/\/csgo-trade.net\/pt-pt\/catalog\/luvas-desportivas-hedge-maze\/","title":{"rendered":"Luvas Desportivas | Hedge Maze"},"content":{"rendered":"<div class=\"annnxlqzhymzaionifjkgzahjj\">\n<p class=\"rymgtnrtbqtxgpyehdjfcapxzy\">Estas luvas atl\u00e9ticas s\u00e3o feitas de tecidos sint\u00e9ticos que as tornam dur\u00e1veis e vistosas. Este par de luvas verdes e brancas foi fabricado pela Icarus Athletics.<\/p>\n<\/div>\n","protected":false},"excerpt":{"rendered":"<p>Estas luvas atl\u00e9ticas s\u00e3o feitas de tecidos sint\u00e9ticos que as tornam dur\u00e1veis e vistosas. Este par de luvas verdes e brancas foi fabricado pela Icarus Athletics.<\/p>\n","protected":false},"featured_media":4721,"comment_status":"open","ping_status":"closed","template":"","meta":[],"product_brand":[],"product_cat":[199,208],"product_tag":[268],"class_list":{"0":"post-4719","1":"product","2":"type-product","3":"status-publish","4":"has-post-thumbnail","6":"product_cat-luvas","7":"product_cat-luvas-desportivas","8":"product_tag-extraordinario","9":"pa_all-products-skins","11":"first","12":"instock","13":"shipping-taxable","14":"purchasable","15":"product-type-simple"},"_links":{"self":[{"href":"https:\/\/csgo-trade.net\/pt-pt\/wp-json\/wp\/v2\/product\/4719","targetHints":{"allow":["GET"]}}],"collection":[{"href":"https:\/\/csgo-trade.net\/pt-pt\/wp-json\/wp\/v2\/product"}],"about":[{"href":"https:\/\/csgo-trade.net\/pt-pt\/wp-json\/wp\/v2\/types\/product"}],"replies":[{"embeddable":true,"href":"https:\/\/csgo-trade.net\/pt-pt\/wp-json\/wp\/v2\/comments?post=4719"}],"wp:featuredmedia":[{"embeddable":true,"href":"https:\/\/csgo-trade.net\/pt-pt\/wp-json\/wp\/v2\/media\/4721"}],"wp:attachment":[{"href":"https:\/\/csgo-trade.net\/pt-pt\/wp-json\/wp\/v2\/media?parent=4719"}],"wp:term":[{"taxonomy":"product_brand","embeddable":true,"href":"https:\/\/csgo-trade.net\/pt-pt\/wp-json\/wp\/v2\/product_brand?post=4719"},{"taxonomy":"product_cat","embeddable":true,"href":"https:\/\/csgo-trade.net\/pt-pt\/wp-json\/wp\/v2\/product_cat?post=4719"},{"taxonomy":"product_tag","embeddable":true,"href":"https:\/\/csgo-trade.net\/pt-pt\/wp-json\/wp\/v2\/product_tag?post=4719"}],"curies":[{"name":"wp","href":"https:\/\/api.w.org\/{rel}","templated":true}]}}