{"id":4687,"date":"2023-05-03T12:47:25","date_gmt":"2023-05-03T12:47:25","guid":{"rendered":"https:\/\/skinpoint.r-s.space\/?post_type=product&#038;p=4687"},"modified":"2023-05-03T12:49:33","modified_gmt":"2023-05-03T12:49:33","slug":"luvas-de-especialista-forest-ddpat","status":"publish","type":"product","link":"https:\/\/csgo-trade.net\/pt-pt\/catalog\/luvas-de-especialista-forest-ddpat\/","title":{"rendered":"Luvas de Especialista | Forest DDPAT"},"content":{"rendered":"<div class=\"annnxlqzhymzaionifjkgzahjj\">\n<p class=\"rymgtnrtbqtxgpyehdjfcapxzy\">Dur\u00e1veis, perme\u00e1veis e cheias de estilo: estas luvas foram feitas para aguentar (e dar) umas porradas. O couro costurado \u00e0 m\u00e3o foi combinado com um tecido rugoso decorado com um padr\u00e3o de camuflagem digital (DDPAT).<\/p>\n<\/div>\n","protected":false},"excerpt":{"rendered":"<p>Dur\u00e1veis, perme\u00e1veis e cheias de estilo: estas luvas foram feitas para aguentar (e dar) umas porradas. O couro costurado \u00e0 m\u00e3o foi combinado com um tecido rugoso decorado com um padr\u00e3o de camuflagem digital (DDPAT).<\/p>\n","protected":false},"featured_media":4689,"comment_status":"open","ping_status":"closed","template":"","meta":[],"product_brand":[],"product_cat":[199,207],"product_tag":[268],"class_list":{"0":"post-4687","1":"product","2":"type-product","3":"status-publish","4":"has-post-thumbnail","6":"product_cat-luvas","7":"product_cat-luvas-de-especialista","8":"product_tag-extraordinario","9":"pa_all-products-skins","11":"first","12":"instock","13":"shipping-taxable","14":"purchasable","15":"product-type-simple"},"_links":{"self":[{"href":"https:\/\/csgo-trade.net\/pt-pt\/wp-json\/wp\/v2\/product\/4687","targetHints":{"allow":["GET"]}}],"collection":[{"href":"https:\/\/csgo-trade.net\/pt-pt\/wp-json\/wp\/v2\/product"}],"about":[{"href":"https:\/\/csgo-trade.net\/pt-pt\/wp-json\/wp\/v2\/types\/product"}],"replies":[{"embeddable":true,"href":"https:\/\/csgo-trade.net\/pt-pt\/wp-json\/wp\/v2\/comments?post=4687"}],"wp:featuredmedia":[{"embeddable":true,"href":"https:\/\/csgo-trade.net\/pt-pt\/wp-json\/wp\/v2\/media\/4689"}],"wp:attachment":[{"href":"https:\/\/csgo-trade.net\/pt-pt\/wp-json\/wp\/v2\/media?parent=4687"}],"wp:term":[{"taxonomy":"product_brand","embeddable":true,"href":"https:\/\/csgo-trade.net\/pt-pt\/wp-json\/wp\/v2\/product_brand?post=4687"},{"taxonomy":"product_cat","embeddable":true,"href":"https:\/\/csgo-trade.net\/pt-pt\/wp-json\/wp\/v2\/product_cat?post=4687"},{"taxonomy":"product_tag","embeddable":true,"href":"https:\/\/csgo-trade.net\/pt-pt\/wp-json\/wp\/v2\/product_tag?post=4687"}],"curies":[{"name":"wp","href":"https:\/\/api.w.org\/{rel}","templated":true}]}}