{"id":4580,"date":"2022-09-21T13:48:50","date_gmt":"2022-09-21T13:48:50","guid":{"rendered":"https:\/\/skinpoint.r-s.space\/shop\/glock-18-sand-dune\/"},"modified":"2025-08-21T09:14:40","modified_gmt":"2025-08-21T09:14:40","slug":"glock-18-sand-dune","status":"publish","type":"product","link":"https:\/\/csgo-trade.net\/pt-pt\/catalog\/glock-18-sand-dune\/","title":{"rendered":"Glock-18 | Sand Dune"},"content":{"rendered":"<p>O obturador, o gatilho e a parte inferior do cabo s\u00e3o pintados de bege, as demais partes da pistola s\u00e3o de marrom s\u00f3lido.<\/p>\n","protected":false},"excerpt":{"rendered":"<p>O obturador, o gatilho e a parte inferior do cabo s\u00e3o pintados de bege, as demais partes da pistola s\u00e3o de marrom s\u00f3lido.<\/p>\n","protected":false},"featured_media":3016,"comment_status":"open","ping_status":"closed","template":"","meta":[],"product_brand":[],"product_cat":[241,236],"product_tag":[269],"class_list":{"0":"post-4580","1":"product","2":"type-product","3":"status-publish","4":"has-post-thumbnail","6":"product_cat-glock-18-pt-pt","7":"product_cat-pistolas","8":"product_tag-padrao-industrial","9":"pa_all-products-skins","11":"first","12":"instock","13":"shipping-taxable","14":"purchasable","15":"product-type-simple"},"_links":{"self":[{"href":"https:\/\/csgo-trade.net\/pt-pt\/wp-json\/wp\/v2\/product\/4580","targetHints":{"allow":["GET"]}}],"collection":[{"href":"https:\/\/csgo-trade.net\/pt-pt\/wp-json\/wp\/v2\/product"}],"about":[{"href":"https:\/\/csgo-trade.net\/pt-pt\/wp-json\/wp\/v2\/types\/product"}],"replies":[{"embeddable":true,"href":"https:\/\/csgo-trade.net\/pt-pt\/wp-json\/wp\/v2\/comments?post=4580"}],"wp:featuredmedia":[{"embeddable":true,"href":"https:\/\/csgo-trade.net\/pt-pt\/wp-json\/wp\/v2\/media\/3016"}],"wp:attachment":[{"href":"https:\/\/csgo-trade.net\/pt-pt\/wp-json\/wp\/v2\/media?parent=4580"}],"wp:term":[{"taxonomy":"product_brand","embeddable":true,"href":"https:\/\/csgo-trade.net\/pt-pt\/wp-json\/wp\/v2\/product_brand?post=4580"},{"taxonomy":"product_cat","embeddable":true,"href":"https:\/\/csgo-trade.net\/pt-pt\/wp-json\/wp\/v2\/product_cat?post=4580"},{"taxonomy":"product_tag","embeddable":true,"href":"https:\/\/csgo-trade.net\/pt-pt\/wp-json\/wp\/v2\/product_tag?post=4580"}],"curies":[{"name":"wp","href":"https:\/\/api.w.org\/{rel}","templated":true}]}}