{"id":4579,"date":"2022-09-21T13:48:50","date_gmt":"2022-09-21T13:48:50","guid":{"rendered":"https:\/\/skinpoint.r-s.space\/shop\/mag-7-hazard\/"},"modified":"2025-08-21T09:14:44","modified_gmt":"2025-08-21T09:14:44","slug":"mag-7-hazard","status":"publish","type":"product","link":"https:\/\/csgo-trade.net\/pt-pt\/catalog\/mag-7-hazard\/","title":{"rendered":"MAG-7 | Hazard"},"content":{"rendered":"<p>Todo o corpo da arma \u00e9 adornado com um padr\u00e3o de listras diagonais pretas e amarelas. O design da skin est\u00e1 associado \u00e0 cor da fita de aviso de perigo.<\/p>\n","protected":false},"excerpt":{"rendered":"<p>Todo o corpo da arma \u00e9 adornado com um padr\u00e3o de listras diagonais pretas e amarelas. O design da skin est\u00e1 associado \u00e0 cor da fita de aviso de perigo.<\/p>\n","protected":false},"featured_media":3015,"comment_status":"open","ping_status":"closed","template":"","meta":[],"product_brand":[],"product_cat":[209,211],"product_tag":[194],"class_list":{"0":"post-4579","1":"product","2":"type-product","3":"status-publish","4":"has-post-thumbnail","6":"product_cat-arma-pesada","7":"product_cat-mag-7-pt-pt","8":"product_tag-padrao-militar","9":"pa_all-products-skins","11":"first","12":"instock","13":"shipping-taxable","14":"purchasable","15":"product-type-simple"},"_links":{"self":[{"href":"https:\/\/csgo-trade.net\/pt-pt\/wp-json\/wp\/v2\/product\/4579","targetHints":{"allow":["GET"]}}],"collection":[{"href":"https:\/\/csgo-trade.net\/pt-pt\/wp-json\/wp\/v2\/product"}],"about":[{"href":"https:\/\/csgo-trade.net\/pt-pt\/wp-json\/wp\/v2\/types\/product"}],"replies":[{"embeddable":true,"href":"https:\/\/csgo-trade.net\/pt-pt\/wp-json\/wp\/v2\/comments?post=4579"}],"wp:featuredmedia":[{"embeddable":true,"href":"https:\/\/csgo-trade.net\/pt-pt\/wp-json\/wp\/v2\/media\/3015"}],"wp:attachment":[{"href":"https:\/\/csgo-trade.net\/pt-pt\/wp-json\/wp\/v2\/media?parent=4579"}],"wp:term":[{"taxonomy":"product_brand","embeddable":true,"href":"https:\/\/csgo-trade.net\/pt-pt\/wp-json\/wp\/v2\/product_brand?post=4579"},{"taxonomy":"product_cat","embeddable":true,"href":"https:\/\/csgo-trade.net\/pt-pt\/wp-json\/wp\/v2\/product_cat?post=4579"},{"taxonomy":"product_tag","embeddable":true,"href":"https:\/\/csgo-trade.net\/pt-pt\/wp-json\/wp\/v2\/product_tag?post=4579"}],"curies":[{"name":"wp","href":"https:\/\/api.w.org\/{rel}","templated":true}]}}