{"id":4578,"date":"2022-09-21T13:48:50","date_gmt":"2022-09-21T13:48:50","guid":{"rendered":"https:\/\/skinpoint.r-s.space\/shop\/famas-spitfire\/"},"modified":"2025-08-21T09:14:38","modified_gmt":"2025-08-21T09:14:38","slug":"famas-spitfire","status":"publish","type":"product","link":"https:\/\/csgo-trade.net\/pt-pt\/catalog\/famas-spitfire\/","title":{"rendered":"FAMAS | Spitfire"},"content":{"rendered":"<p>O corpo do rifle \u00e9 pintado de c\u00e1qui s\u00f3lido e adornado com a imagem de uma cabe\u00e7a de tubar\u00e3o com a boca aberta. O barril \u00e9 pintado de vermelho s\u00f3lido.<\/p>\n","protected":false},"excerpt":{"rendered":"<p>O corpo do rifle \u00e9 pintado de c\u00e1qui s\u00f3lido e adornado com a imagem de uma cabe\u00e7a de tubar\u00e3o com a boca aberta. O barril \u00e9 pintado de vermelho s\u00f3lido.<\/p>\n","protected":false},"featured_media":3012,"comment_status":"open","ping_status":"closed","template":"","meta":[],"product_brand":[],"product_cat":[192,249],"product_tag":[270],"class_list":{"0":"post-4578","1":"product","2":"type-product","3":"status-publish","4":"has-post-thumbnail","6":"product_cat-espingarda","7":"product_cat-famas-pt-pt","8":"product_tag-restrito","9":"pa_all-products-skins","11":"first","12":"instock","13":"shipping-taxable","14":"purchasable","15":"product-type-simple"},"_links":{"self":[{"href":"https:\/\/csgo-trade.net\/pt-pt\/wp-json\/wp\/v2\/product\/4578","targetHints":{"allow":["GET"]}}],"collection":[{"href":"https:\/\/csgo-trade.net\/pt-pt\/wp-json\/wp\/v2\/product"}],"about":[{"href":"https:\/\/csgo-trade.net\/pt-pt\/wp-json\/wp\/v2\/types\/product"}],"replies":[{"embeddable":true,"href":"https:\/\/csgo-trade.net\/pt-pt\/wp-json\/wp\/v2\/comments?post=4578"}],"wp:featuredmedia":[{"embeddable":true,"href":"https:\/\/csgo-trade.net\/pt-pt\/wp-json\/wp\/v2\/media\/3012"}],"wp:attachment":[{"href":"https:\/\/csgo-trade.net\/pt-pt\/wp-json\/wp\/v2\/media?parent=4578"}],"wp:term":[{"taxonomy":"product_brand","embeddable":true,"href":"https:\/\/csgo-trade.net\/pt-pt\/wp-json\/wp\/v2\/product_brand?post=4578"},{"taxonomy":"product_cat","embeddable":true,"href":"https:\/\/csgo-trade.net\/pt-pt\/wp-json\/wp\/v2\/product_cat?post=4578"},{"taxonomy":"product_tag","embeddable":true,"href":"https:\/\/csgo-trade.net\/pt-pt\/wp-json\/wp\/v2\/product_tag?post=4578"}],"curies":[{"name":"wp","href":"https:\/\/api.w.org\/{rel}","templated":true}]}}