{"id":4576,"date":"2022-09-21T13:48:50","date_gmt":"2022-09-21T13:48:50","guid":{"rendered":"https:\/\/skinpoint.r-s.space\/shop\/pp-bizon-rust-coat\/"},"modified":"2025-08-21T09:14:42","modified_gmt":"2025-08-21T09:14:42","slug":"pp-bizon-rust-coat","status":"publish","type":"product","link":"https:\/\/csgo-trade.net\/pt-pt\/catalog\/pp-bizon-rust-coat\/","title":{"rendered":"PP-Bizon | Rust Coat"},"content":{"rendered":"<p>O receptor e a al\u00e7a s\u00e3o revestidos com uma camada irregular de ferrugem. A cor do revestimento de ferrugem depende dos n\u00edveis de desgaste e varia de azul acinzentado a marrom alaranjado. O carregador, a coronha e as pequenas partes individuais da arma n\u00e3o s\u00e3o pintadas.<\/p>\n","protected":false},"excerpt":{"rendered":"<p>O receptor e a al\u00e7a s\u00e3o revestidos com uma camada irregular de ferrugem. A cor do revestimento de ferrugem depende dos n\u00edveis de desgaste e varia de azul acinzentado a marrom alaranjado. O carregador, a coronha e as pequenas partes individuais da arma n\u00e3o s\u00e3o pintadas.<\/p>\n","protected":false},"featured_media":3014,"comment_status":"open","ping_status":"closed","template":"","meta":[],"product_brand":[],"product_cat":[263,257],"product_tag":[194],"class_list":{"0":"post-4576","1":"product","2":"type-product","3":"status-publish","4":"has-post-thumbnail","6":"product_cat-pp-bizon-pt-pt","7":"product_cat-submetralhadoras","8":"product_tag-padrao-militar","9":"pa_all-products-skins","11":"first","12":"instock","13":"shipping-taxable","14":"purchasable","15":"product-type-simple"},"_links":{"self":[{"href":"https:\/\/csgo-trade.net\/pt-pt\/wp-json\/wp\/v2\/product\/4576","targetHints":{"allow":["GET"]}}],"collection":[{"href":"https:\/\/csgo-trade.net\/pt-pt\/wp-json\/wp\/v2\/product"}],"about":[{"href":"https:\/\/csgo-trade.net\/pt-pt\/wp-json\/wp\/v2\/types\/product"}],"replies":[{"embeddable":true,"href":"https:\/\/csgo-trade.net\/pt-pt\/wp-json\/wp\/v2\/comments?post=4576"}],"wp:featuredmedia":[{"embeddable":true,"href":"https:\/\/csgo-trade.net\/pt-pt\/wp-json\/wp\/v2\/media\/3014"}],"wp:attachment":[{"href":"https:\/\/csgo-trade.net\/pt-pt\/wp-json\/wp\/v2\/media?parent=4576"}],"wp:term":[{"taxonomy":"product_brand","embeddable":true,"href":"https:\/\/csgo-trade.net\/pt-pt\/wp-json\/wp\/v2\/product_brand?post=4576"},{"taxonomy":"product_cat","embeddable":true,"href":"https:\/\/csgo-trade.net\/pt-pt\/wp-json\/wp\/v2\/product_cat?post=4576"},{"taxonomy":"product_tag","embeddable":true,"href":"https:\/\/csgo-trade.net\/pt-pt\/wp-json\/wp\/v2\/product_tag?post=4576"}],"curies":[{"name":"wp","href":"https:\/\/api.w.org\/{rel}","templated":true}]}}