{"id":4558,"date":"2022-09-21T13:48:53","date_gmt":"2022-09-21T13:48:53","guid":{"rendered":"https:\/\/skinpoint.r-s.space\/shop\/aug-carved-jade\/"},"modified":"2025-08-21T09:14:10","modified_gmt":"2025-08-21T09:14:10","slug":"aug-carved-jade","status":"publish","type":"product","link":"https:\/\/csgo-trade.net\/pt-pt\/catalog\/aug-carved-jade\/","title":{"rendered":"AUG | Carved Jade"},"content":{"rendered":"<p>O corpo do rifle \u00e9 cromado e adornado com um padr\u00e3o de linhas onduladas transl\u00facidas que lembram fuma\u00e7a. O esquema de cores da skin inclui v\u00e1rios tons de verde, criando transi\u00e7\u00f5es de gradiente. O design lembra a textura do jade. O carregador, o cano e a luneta n\u00e3o s\u00e3o pintados.<\/p>\n","protected":false},"excerpt":{"rendered":"<p>O corpo do rifle \u00e9 cromado e adornado com um padr\u00e3o de linhas onduladas transl\u00facidas que lembram fuma\u00e7a. O esquema de cores da skin inclui v\u00e1rios tons de verde, criando transi\u00e7\u00f5es de gradiente. O design lembra a textura do jade. O carregador, o cano e a luneta n\u00e3o s\u00e3o pintados.<\/p>\n","protected":false},"featured_media":3033,"comment_status":"open","ping_status":"closed","template":"","meta":[],"product_brand":[],"product_cat":[193,192],"product_tag":[194],"class_list":{"0":"post-4558","1":"product","2":"type-product","3":"status-publish","4":"has-post-thumbnail","6":"product_cat-aug-pt-pt","7":"product_cat-espingarda","8":"product_tag-padrao-militar","9":"pa_all-products-skins","11":"first","12":"instock","13":"shipping-taxable","14":"purchasable","15":"product-type-simple"},"_links":{"self":[{"href":"https:\/\/csgo-trade.net\/pt-pt\/wp-json\/wp\/v2\/product\/4558","targetHints":{"allow":["GET"]}}],"collection":[{"href":"https:\/\/csgo-trade.net\/pt-pt\/wp-json\/wp\/v2\/product"}],"about":[{"href":"https:\/\/csgo-trade.net\/pt-pt\/wp-json\/wp\/v2\/types\/product"}],"replies":[{"embeddable":true,"href":"https:\/\/csgo-trade.net\/pt-pt\/wp-json\/wp\/v2\/comments?post=4558"}],"wp:featuredmedia":[{"embeddable":true,"href":"https:\/\/csgo-trade.net\/pt-pt\/wp-json\/wp\/v2\/media\/3033"}],"wp:attachment":[{"href":"https:\/\/csgo-trade.net\/pt-pt\/wp-json\/wp\/v2\/media?parent=4558"}],"wp:term":[{"taxonomy":"product_brand","embeddable":true,"href":"https:\/\/csgo-trade.net\/pt-pt\/wp-json\/wp\/v2\/product_brand?post=4558"},{"taxonomy":"product_cat","embeddable":true,"href":"https:\/\/csgo-trade.net\/pt-pt\/wp-json\/wp\/v2\/product_cat?post=4558"},{"taxonomy":"product_tag","embeddable":true,"href":"https:\/\/csgo-trade.net\/pt-pt\/wp-json\/wp\/v2\/product_tag?post=4558"}],"curies":[{"name":"wp","href":"https:\/\/api.w.org\/{rel}","templated":true}]}}