{"id":4557,"date":"2022-09-21T13:48:52","date_gmt":"2022-09-21T13:48:52","guid":{"rendered":"https:\/\/skinpoint.r-s.space\/shop\/tec-9-tornado\/"},"modified":"2025-08-21T09:14:05","modified_gmt":"2025-08-21T09:14:05","slug":"tec-9-tornado","status":"publish","type":"product","link":"https:\/\/csgo-trade.net\/pt-pt\/catalog\/tec-9-tornado\/","title":{"rendered":"Tec-9 | Tornado"},"content":{"rendered":"<p>O receptor \u00e9 pintado de bege s\u00f3lido. O resto do corpo \u00e9 cinza-azulado.<\/p>\n","protected":false},"excerpt":{"rendered":"<p>O receptor \u00e9 pintado de bege s\u00f3lido. O resto do corpo \u00e9 cinza-azulado.<\/p>\n","protected":false},"featured_media":3026,"comment_status":"open","ping_status":"closed","template":"","meta":[],"product_brand":[],"product_cat":[236,245],"product_tag":[266],"class_list":{"0":"post-4557","1":"product","2":"type-product","3":"status-publish","4":"has-post-thumbnail","6":"product_cat-pistolas","7":"product_cat-tec-9-pt-pt","8":"product_tag-padrao-domestico","9":"pa_all-products-skins","11":"first","12":"instock","13":"shipping-taxable","14":"purchasable","15":"product-type-simple"},"_links":{"self":[{"href":"https:\/\/csgo-trade.net\/pt-pt\/wp-json\/wp\/v2\/product\/4557","targetHints":{"allow":["GET"]}}],"collection":[{"href":"https:\/\/csgo-trade.net\/pt-pt\/wp-json\/wp\/v2\/product"}],"about":[{"href":"https:\/\/csgo-trade.net\/pt-pt\/wp-json\/wp\/v2\/types\/product"}],"replies":[{"embeddable":true,"href":"https:\/\/csgo-trade.net\/pt-pt\/wp-json\/wp\/v2\/comments?post=4557"}],"wp:featuredmedia":[{"embeddable":true,"href":"https:\/\/csgo-trade.net\/pt-pt\/wp-json\/wp\/v2\/media\/3026"}],"wp:attachment":[{"href":"https:\/\/csgo-trade.net\/pt-pt\/wp-json\/wp\/v2\/media?parent=4557"}],"wp:term":[{"taxonomy":"product_brand","embeddable":true,"href":"https:\/\/csgo-trade.net\/pt-pt\/wp-json\/wp\/v2\/product_brand?post=4557"},{"taxonomy":"product_cat","embeddable":true,"href":"https:\/\/csgo-trade.net\/pt-pt\/wp-json\/wp\/v2\/product_cat?post=4557"},{"taxonomy":"product_tag","embeddable":true,"href":"https:\/\/csgo-trade.net\/pt-pt\/wp-json\/wp\/v2\/product_tag?post=4557"}],"curies":[{"name":"wp","href":"https:\/\/api.w.org\/{rel}","templated":true}]}}