{"id":4556,"date":"2022-09-21T13:48:52","date_gmt":"2022-09-21T13:48:52","guid":{"rendered":"https:\/\/skinpoint.r-s.space\/shop\/mp7-groundwater\/"},"modified":"2025-08-21T09:14:05","modified_gmt":"2025-08-21T09:14:05","slug":"mp7-groundwater","status":"publish","type":"product","link":"https:\/\/csgo-trade.net\/pt-pt\/catalog\/mp7-groundwater\/","title":{"rendered":"MP7 | Groundwater"},"content":{"rendered":"<p>O corpo da metralhadora \u00e9 revestido com tinta verde-oliva. A coronha e as partes individuais do corpo s\u00e3o pintadas de bege s\u00f3lido. A revista, a al\u00e7a frontal e pequenas partes individuais do corpo s\u00e3o pintadas em v\u00e1rios tons de verde.<\/p>\n","protected":false},"excerpt":{"rendered":"<p>O corpo da metralhadora \u00e9 revestido com tinta verde-oliva. A coronha e as partes individuais do corpo s\u00e3o pintadas de bege s\u00f3lido. A revista, a al\u00e7a frontal e pequenas partes individuais do corpo s\u00e3o pintadas em v\u00e1rios tons de verde.<\/p>\n","protected":false},"featured_media":3023,"comment_status":"open","ping_status":"closed","template":"","meta":[],"product_brand":[],"product_cat":[260,257],"product_tag":[266],"class_list":{"0":"post-4556","1":"product","2":"type-product","3":"status-publish","4":"has-post-thumbnail","6":"product_cat-mp7-pt-pt","7":"product_cat-submetralhadoras","8":"product_tag-padrao-domestico","9":"pa_all-products-skins","11":"first","12":"instock","13":"shipping-taxable","14":"purchasable","15":"product-type-simple"},"_links":{"self":[{"href":"https:\/\/csgo-trade.net\/pt-pt\/wp-json\/wp\/v2\/product\/4556","targetHints":{"allow":["GET"]}}],"collection":[{"href":"https:\/\/csgo-trade.net\/pt-pt\/wp-json\/wp\/v2\/product"}],"about":[{"href":"https:\/\/csgo-trade.net\/pt-pt\/wp-json\/wp\/v2\/types\/product"}],"replies":[{"embeddable":true,"href":"https:\/\/csgo-trade.net\/pt-pt\/wp-json\/wp\/v2\/comments?post=4556"}],"wp:featuredmedia":[{"embeddable":true,"href":"https:\/\/csgo-trade.net\/pt-pt\/wp-json\/wp\/v2\/media\/3023"}],"wp:attachment":[{"href":"https:\/\/csgo-trade.net\/pt-pt\/wp-json\/wp\/v2\/media?parent=4556"}],"wp:term":[{"taxonomy":"product_brand","embeddable":true,"href":"https:\/\/csgo-trade.net\/pt-pt\/wp-json\/wp\/v2\/product_brand?post=4556"},{"taxonomy":"product_cat","embeddable":true,"href":"https:\/\/csgo-trade.net\/pt-pt\/wp-json\/wp\/v2\/product_cat?post=4556"},{"taxonomy":"product_tag","embeddable":true,"href":"https:\/\/csgo-trade.net\/pt-pt\/wp-json\/wp\/v2\/product_tag?post=4556"}],"curies":[{"name":"wp","href":"https:\/\/api.w.org\/{rel}","templated":true}]}}