{"id":4548,"date":"2022-09-21T13:48:54","date_gmt":"2022-09-21T13:48:54","guid":{"rendered":"https:\/\/skinpoint.r-s.space\/shop\/cz75-auto-silver\/"},"modified":"2025-08-21T09:13:30","modified_gmt":"2025-08-21T09:13:30","slug":"cz75-auto-silver","status":"publish","type":"product","link":"https:\/\/csgo-trade.net\/pt-pt\/catalog\/cz75-auto-silver\/","title":{"rendered":"CZ75-Auto | Silver"},"content":{"rendered":"<p>Muitos materiais comuns de armas de fogo n\u00e3o podem ser anodizados. Em vez disso, o efeito \u00e9 muitas vezes imitado pela aplica\u00e7\u00e3o de uma camada de doce colorida sobre uma base cromada. Dito isto, esta pele em particular foi pintada principalmente em tons de cinza. Diferentes \u00edndices de padr\u00e3o n\u00e3o t\u00eam efeito no acabamento Silver.<\/p>\n","protected":false},"excerpt":{"rendered":"<p>Muitos materiais comuns de armas de fogo n\u00e3o podem ser anodizados. Em vez disso, o efeito \u00e9 muitas vezes imitado pela aplica\u00e7\u00e3o de uma camada de doce colorida sobre uma base cromada. Dito isto, esta pele em particular foi pintada principalmente em tons de cinza. Diferentes \u00edndices de padr\u00e3o n\u00e3o t\u00eam efeito no acabamento Silver.<\/p>\n","protected":false},"featured_media":3037,"comment_status":"open","ping_status":"closed","template":"","meta":[],"product_brand":[],"product_cat":[237,236],"product_tag":[269],"class_list":{"0":"post-4548","1":"product","2":"type-product","3":"status-publish","4":"has-post-thumbnail","6":"product_cat-cz75-auto-pt-pt","7":"product_cat-pistolas","8":"product_tag-padrao-industrial","9":"pa_all-products-skins","11":"first","12":"instock","13":"shipping-taxable","14":"purchasable","15":"product-type-simple"},"_links":{"self":[{"href":"https:\/\/csgo-trade.net\/pt-pt\/wp-json\/wp\/v2\/product\/4548","targetHints":{"allow":["GET"]}}],"collection":[{"href":"https:\/\/csgo-trade.net\/pt-pt\/wp-json\/wp\/v2\/product"}],"about":[{"href":"https:\/\/csgo-trade.net\/pt-pt\/wp-json\/wp\/v2\/types\/product"}],"replies":[{"embeddable":true,"href":"https:\/\/csgo-trade.net\/pt-pt\/wp-json\/wp\/v2\/comments?post=4548"}],"wp:featuredmedia":[{"embeddable":true,"href":"https:\/\/csgo-trade.net\/pt-pt\/wp-json\/wp\/v2\/media\/3037"}],"wp:attachment":[{"href":"https:\/\/csgo-trade.net\/pt-pt\/wp-json\/wp\/v2\/media?parent=4548"}],"wp:term":[{"taxonomy":"product_brand","embeddable":true,"href":"https:\/\/csgo-trade.net\/pt-pt\/wp-json\/wp\/v2\/product_brand?post=4548"},{"taxonomy":"product_cat","embeddable":true,"href":"https:\/\/csgo-trade.net\/pt-pt\/wp-json\/wp\/v2\/product_cat?post=4548"},{"taxonomy":"product_tag","embeddable":true,"href":"https:\/\/csgo-trade.net\/pt-pt\/wp-json\/wp\/v2\/product_tag?post=4548"}],"curies":[{"name":"wp","href":"https:\/\/api.w.org\/{rel}","templated":true}]}}