{"id":4547,"date":"2022-09-21T13:48:54","date_gmt":"2022-09-21T13:48:54","guid":{"rendered":"https:\/\/skinpoint.r-s.space\/shop\/mp7-tall-grass\/"},"modified":"2025-08-21T09:13:31","modified_gmt":"2025-08-21T09:13:31","slug":"mp7-tall-grass","status":"publish","type":"product","link":"https:\/\/csgo-trade.net\/pt-pt\/catalog\/mp7-tall-grass\/","title":{"rendered":"MP7 | Tall Grass"},"content":{"rendered":"<p>O corpo da submetralhadora \u00e9 adornado com um padr\u00e3o que imita grama verde. A coronha, o carregador e as pequenas partes individuais da arma s\u00e3o revestidas com tinta verde-oliva.<\/p>\n","protected":false},"excerpt":{"rendered":"<p>O corpo da submetralhadora \u00e9 adornado com um padr\u00e3o que imita grama verde. A coronha, o carregador e as pequenas partes individuais da arma s\u00e3o revestidas com tinta verde-oliva.<\/p>\n","protected":false},"featured_media":3038,"comment_status":"open","ping_status":"closed","template":"","meta":[],"product_brand":[],"product_cat":[260,257],"product_tag":[269],"class_list":{"0":"post-4547","1":"product","2":"type-product","3":"status-publish","4":"has-post-thumbnail","6":"product_cat-mp7-pt-pt","7":"product_cat-submetralhadoras","8":"product_tag-padrao-industrial","9":"pa_all-products-skins","11":"first","12":"instock","13":"shipping-taxable","14":"purchasable","15":"product-type-simple"},"_links":{"self":[{"href":"https:\/\/csgo-trade.net\/pt-pt\/wp-json\/wp\/v2\/product\/4547","targetHints":{"allow":["GET"]}}],"collection":[{"href":"https:\/\/csgo-trade.net\/pt-pt\/wp-json\/wp\/v2\/product"}],"about":[{"href":"https:\/\/csgo-trade.net\/pt-pt\/wp-json\/wp\/v2\/types\/product"}],"replies":[{"embeddable":true,"href":"https:\/\/csgo-trade.net\/pt-pt\/wp-json\/wp\/v2\/comments?post=4547"}],"wp:featuredmedia":[{"embeddable":true,"href":"https:\/\/csgo-trade.net\/pt-pt\/wp-json\/wp\/v2\/media\/3038"}],"wp:attachment":[{"href":"https:\/\/csgo-trade.net\/pt-pt\/wp-json\/wp\/v2\/media?parent=4547"}],"wp:term":[{"taxonomy":"product_brand","embeddable":true,"href":"https:\/\/csgo-trade.net\/pt-pt\/wp-json\/wp\/v2\/product_brand?post=4547"},{"taxonomy":"product_cat","embeddable":true,"href":"https:\/\/csgo-trade.net\/pt-pt\/wp-json\/wp\/v2\/product_cat?post=4547"},{"taxonomy":"product_tag","embeddable":true,"href":"https:\/\/csgo-trade.net\/pt-pt\/wp-json\/wp\/v2\/product_tag?post=4547"}],"curies":[{"name":"wp","href":"https:\/\/api.w.org\/{rel}","templated":true}]}}