{"id":4546,"date":"2022-09-21T13:48:53","date_gmt":"2022-09-21T13:48:53","guid":{"rendered":"https:\/\/skinpoint.r-s.space\/shop\/p90-run-and-hide\/"},"modified":"2025-08-21T09:13:34","modified_gmt":"2025-08-21T09:13:34","slug":"p90-run-and-hide","status":"publish","type":"product","link":"https:\/\/csgo-trade.net\/pt-pt\/catalog\/p90-run-and-hide\/","title":{"rendered":"P90 | Run and Hide"},"content":{"rendered":"<p>O corpo da submetralhadora \u00e9 envolto em couro adornado com uma estampa de animal imitando a cor de uma on\u00e7a. O padr\u00e3o \u00e9 pintado nas cores bege e marrom. Partes individuais da arma s\u00e3o envoltas em couro marrom escuro e gravadas com ornamentos \u00e9tnicos. Todas as pe\u00e7as de couro t\u00eam costura bege. A parte superior da coronha apresenta um destaque na forma de uma impress\u00e3o de pata de on\u00e7a amarela.<\/p>\n","protected":false},"excerpt":{"rendered":"<p>O corpo da submetralhadora \u00e9 envolto em couro adornado com uma estampa de animal imitando a cor de uma on\u00e7a. O padr\u00e3o \u00e9 pintado nas cores bege e marrom. Partes individuais da arma s\u00e3o envoltas em couro marrom escuro e gravadas com ornamentos \u00e9tnicos. Todas as pe\u00e7as de couro t\u00eam costura bege. A parte superior [&#8230;]\n","protected":false},"featured_media":3028,"comment_status":"open","ping_status":"closed","template":"","meta":[],"product_brand":[],"product_cat":[262,257],"product_tag":[265],"class_list":{"0":"post-4546","1":"product","2":"type-product","3":"status-publish","4":"has-post-thumbnail","6":"product_cat-p90-pt-pt","7":"product_cat-submetralhadoras","8":"product_tag-confidencial","9":"pa_all-products-skins","11":"first","12":"instock","13":"shipping-taxable","14":"purchasable","15":"product-type-simple"},"_links":{"self":[{"href":"https:\/\/csgo-trade.net\/pt-pt\/wp-json\/wp\/v2\/product\/4546","targetHints":{"allow":["GET"]}}],"collection":[{"href":"https:\/\/csgo-trade.net\/pt-pt\/wp-json\/wp\/v2\/product"}],"about":[{"href":"https:\/\/csgo-trade.net\/pt-pt\/wp-json\/wp\/v2\/types\/product"}],"replies":[{"embeddable":true,"href":"https:\/\/csgo-trade.net\/pt-pt\/wp-json\/wp\/v2\/comments?post=4546"}],"wp:featuredmedia":[{"embeddable":true,"href":"https:\/\/csgo-trade.net\/pt-pt\/wp-json\/wp\/v2\/media\/3028"}],"wp:attachment":[{"href":"https:\/\/csgo-trade.net\/pt-pt\/wp-json\/wp\/v2\/media?parent=4546"}],"wp:term":[{"taxonomy":"product_brand","embeddable":true,"href":"https:\/\/csgo-trade.net\/pt-pt\/wp-json\/wp\/v2\/product_brand?post=4546"},{"taxonomy":"product_cat","embeddable":true,"href":"https:\/\/csgo-trade.net\/pt-pt\/wp-json\/wp\/v2\/product_cat?post=4546"},{"taxonomy":"product_tag","embeddable":true,"href":"https:\/\/csgo-trade.net\/pt-pt\/wp-json\/wp\/v2\/product_tag?post=4546"}],"curies":[{"name":"wp","href":"https:\/\/api.w.org\/{rel}","templated":true}]}}