{"id":4535,"date":"2022-09-21T13:48:54","date_gmt":"2022-09-21T13:48:54","guid":{"rendered":"https:\/\/skinpoint.r-s.space\/shop\/tec-9-blast-from-the-past\/"},"modified":"2025-08-21T09:13:06","modified_gmt":"2025-08-21T09:13:06","slug":"tec-9-blast-from-the-past","status":"publish","type":"product","link":"https:\/\/csgo-trade.net\/pt-pt\/catalog\/tec-9-blast-from-the-past\/","title":{"rendered":"Tec-9 | Blast From the Past"},"content":{"rendered":"<p>As pe\u00e7as desmontadas da arma s\u00e3o baixadas atrav\u00e9s de um filme hidrogr\u00e1fico flutuante na superf\u00edcie de um tanque de \u00e1gua. O filme adere \u00e0s partes preparadas da arma, cobrindo a superf\u00edcie com um padr\u00e3o. A apar\u00eancia do acabamento Blast From the Past \u00e9 afetada por seu \u00edndice de padr\u00e3o.<\/p>\n","protected":false},"excerpt":{"rendered":"<p>As pe\u00e7as desmontadas da arma s\u00e3o baixadas atrav\u00e9s de um filme hidrogr\u00e1fico flutuante na superf\u00edcie de um tanque de \u00e1gua. O filme adere \u00e0s partes preparadas da arma, cobrindo a superf\u00edcie com um padr\u00e3o. A apar\u00eancia do acabamento Blast From the Past \u00e9 afetada por seu \u00edndice de padr\u00e3o.<\/p>\n","protected":false},"featured_media":3036,"comment_status":"open","ping_status":"closed","template":"","meta":[],"product_brand":[],"product_cat":[236,245],"product_tag":[194],"class_list":{"0":"post-4535","1":"product","2":"type-product","3":"status-publish","4":"has-post-thumbnail","6":"product_cat-pistolas","7":"product_cat-tec-9-pt-pt","8":"product_tag-padrao-militar","9":"pa_all-products-skins","11":"first","12":"instock","13":"shipping-taxable","14":"purchasable","15":"product-type-simple"},"_links":{"self":[{"href":"https:\/\/csgo-trade.net\/pt-pt\/wp-json\/wp\/v2\/product\/4535","targetHints":{"allow":["GET"]}}],"collection":[{"href":"https:\/\/csgo-trade.net\/pt-pt\/wp-json\/wp\/v2\/product"}],"about":[{"href":"https:\/\/csgo-trade.net\/pt-pt\/wp-json\/wp\/v2\/types\/product"}],"replies":[{"embeddable":true,"href":"https:\/\/csgo-trade.net\/pt-pt\/wp-json\/wp\/v2\/comments?post=4535"}],"wp:featuredmedia":[{"embeddable":true,"href":"https:\/\/csgo-trade.net\/pt-pt\/wp-json\/wp\/v2\/media\/3036"}],"wp:attachment":[{"href":"https:\/\/csgo-trade.net\/pt-pt\/wp-json\/wp\/v2\/media?parent=4535"}],"wp:term":[{"taxonomy":"product_brand","embeddable":true,"href":"https:\/\/csgo-trade.net\/pt-pt\/wp-json\/wp\/v2\/product_brand?post=4535"},{"taxonomy":"product_cat","embeddable":true,"href":"https:\/\/csgo-trade.net\/pt-pt\/wp-json\/wp\/v2\/product_cat?post=4535"},{"taxonomy":"product_tag","embeddable":true,"href":"https:\/\/csgo-trade.net\/pt-pt\/wp-json\/wp\/v2\/product_tag?post=4535"}],"curies":[{"name":"wp","href":"https:\/\/api.w.org\/{rel}","templated":true}]}}