{"id":4533,"date":"2022-09-21T13:49:04","date_gmt":"2022-09-21T13:49:04","guid":{"rendered":"https:\/\/skinpoint.r-s.space\/shop\/p2000-panther-camo\/"},"modified":"2025-08-21T09:13:05","modified_gmt":"2025-08-21T09:13:05","slug":"p2000-panther-camo","status":"publish","type":"product","link":"https:\/\/csgo-trade.net\/pt-pt\/catalog\/p2000-panther-camo\/","title":{"rendered":"P2000 | Panther Camo"},"content":{"rendered":"<p>Todo o corpo da pistola \u00e9 adornado com um padr\u00e3o animal que imita a cor de uma pantera. A skin \u00e9 pintada em um esquema de cores preto e marrom.<\/p>\n","protected":false},"excerpt":{"rendered":"<p>Todo o corpo da pistola \u00e9 adornado com um padr\u00e3o animal que imita a cor de uma pantera. A skin \u00e9 pintada em um esquema de cores preto e marrom.<\/p>\n","protected":false},"featured_media":3040,"comment_status":"open","ping_status":"closed","template":"","meta":[],"product_brand":[],"product_cat":[242,236],"product_tag":[269],"class_list":{"0":"post-4533","1":"product","2":"type-product","3":"status-publish","4":"has-post-thumbnail","6":"product_cat-p2000-pt-pt","7":"product_cat-pistolas","8":"product_tag-padrao-industrial","9":"pa_all-products-skins","11":"first","12":"instock","13":"shipping-taxable","14":"purchasable","15":"product-type-simple"},"_links":{"self":[{"href":"https:\/\/csgo-trade.net\/pt-pt\/wp-json\/wp\/v2\/product\/4533","targetHints":{"allow":["GET"]}}],"collection":[{"href":"https:\/\/csgo-trade.net\/pt-pt\/wp-json\/wp\/v2\/product"}],"about":[{"href":"https:\/\/csgo-trade.net\/pt-pt\/wp-json\/wp\/v2\/types\/product"}],"replies":[{"embeddable":true,"href":"https:\/\/csgo-trade.net\/pt-pt\/wp-json\/wp\/v2\/comments?post=4533"}],"wp:featuredmedia":[{"embeddable":true,"href":"https:\/\/csgo-trade.net\/pt-pt\/wp-json\/wp\/v2\/media\/3040"}],"wp:attachment":[{"href":"https:\/\/csgo-trade.net\/pt-pt\/wp-json\/wp\/v2\/media?parent=4533"}],"wp:term":[{"taxonomy":"product_brand","embeddable":true,"href":"https:\/\/csgo-trade.net\/pt-pt\/wp-json\/wp\/v2\/product_brand?post=4533"},{"taxonomy":"product_cat","embeddable":true,"href":"https:\/\/csgo-trade.net\/pt-pt\/wp-json\/wp\/v2\/product_cat?post=4533"},{"taxonomy":"product_tag","embeddable":true,"href":"https:\/\/csgo-trade.net\/pt-pt\/wp-json\/wp\/v2\/product_tag?post=4533"}],"curies":[{"name":"wp","href":"https:\/\/api.w.org\/{rel}","templated":true}]}}