{"id":4532,"date":"2022-09-21T13:49:04","date_gmt":"2022-09-21T13:49:04","guid":{"rendered":"https:\/\/skinpoint.r-s.space\/shop\/sg-553-lush-ruins\/"},"modified":"2023-04-26T09:01:25","modified_gmt":"2023-04-26T09:01:25","slug":"sg-553-lush-ruins","status":"publish","type":"product","link":"https:\/\/csgo-trade.net\/pt-pt\/catalog\/sg-553-lush-ruins\/","title":{"rendered":"SG 553 | Lush Ruins"},"content":{"rendered":"<p>A parte central do rifle \u00e9 adornada com um padr\u00e3o de folhas verdes de plantas tropicais pintadas contra uma parede de pedra bege esculpida com ornamentos \u00e9tnicos. O barril \u00e9 pintado de verde s\u00f3lido. O resto da arma permanece sem pintura.<\/p>\n","protected":false},"excerpt":{"rendered":"<p>A parte central do rifle \u00e9 adornada com um padr\u00e3o de folhas verdes de plantas tropicais pintadas contra uma parede de pedra bege esculpida com ornamentos \u00e9tnicos. O barril \u00e9 pintado de verde s\u00f3lido. O resto da arma permanece sem pintura.<\/p>\n","protected":false},"featured_media":3041,"comment_status":"open","ping_status":"closed","template":"","meta":[],"product_brand":[],"product_cat":[192,255],"product_tag":[266],"class_list":{"0":"post-4532","1":"product","2":"type-product","3":"status-publish","4":"has-post-thumbnail","6":"product_cat-espingarda","7":"product_cat-sg-553-pt-pt","8":"product_tag-padrao-domestico","9":"pa_all-products-skins","11":"first","12":"instock","13":"shipping-taxable","14":"purchasable","15":"product-type-simple"},"_links":{"self":[{"href":"https:\/\/csgo-trade.net\/pt-pt\/wp-json\/wp\/v2\/product\/4532","targetHints":{"allow":["GET"]}}],"collection":[{"href":"https:\/\/csgo-trade.net\/pt-pt\/wp-json\/wp\/v2\/product"}],"about":[{"href":"https:\/\/csgo-trade.net\/pt-pt\/wp-json\/wp\/v2\/types\/product"}],"replies":[{"embeddable":true,"href":"https:\/\/csgo-trade.net\/pt-pt\/wp-json\/wp\/v2\/comments?post=4532"}],"wp:featuredmedia":[{"embeddable":true,"href":"https:\/\/csgo-trade.net\/pt-pt\/wp-json\/wp\/v2\/media\/3041"}],"wp:attachment":[{"href":"https:\/\/csgo-trade.net\/pt-pt\/wp-json\/wp\/v2\/media?parent=4532"}],"wp:term":[{"taxonomy":"product_brand","embeddable":true,"href":"https:\/\/csgo-trade.net\/pt-pt\/wp-json\/wp\/v2\/product_brand?post=4532"},{"taxonomy":"product_cat","embeddable":true,"href":"https:\/\/csgo-trade.net\/pt-pt\/wp-json\/wp\/v2\/product_cat?post=4532"},{"taxonomy":"product_tag","embeddable":true,"href":"https:\/\/csgo-trade.net\/pt-pt\/wp-json\/wp\/v2\/product_tag?post=4532"}],"curies":[{"name":"wp","href":"https:\/\/api.w.org\/{rel}","templated":true}]}}