{"id":4531,"date":"2022-09-21T13:49:04","date_gmt":"2022-09-21T13:49:04","guid":{"rendered":"https:\/\/skinpoint.r-s.space\/shop\/ssg-08-jungle-dashed\/"},"modified":"2023-04-26T09:01:14","modified_gmt":"2023-04-26T09:01:14","slug":"ssg-08-jungle-dashed","status":"publish","type":"product","link":"https:\/\/csgo-trade.net\/pt-pt\/catalog\/ssg-08-jungle-dashed\/","title":{"rendered":"SSG 08 | Jungle Dashed"},"content":{"rendered":"<p>O corpo do rifle \u00e9 pintado com spray usando fragmentos de fita adesiva como est\u00eancil. O esquema de cores do padr\u00e3o inclui cinza e v\u00e1rios tons de verde. O cano, a coronha e as pequenas partes individuais da arma n\u00e3o s\u00e3o pintadas.<\/p>\n","protected":false},"excerpt":{"rendered":"<p>O corpo do rifle \u00e9 pintado com spray usando fragmentos de fita adesiva como est\u00eancil. O esquema de cores do padr\u00e3o inclui cinza e v\u00e1rios tons de verde. O cano, a coronha e as pequenas partes individuais da arma n\u00e3o s\u00e3o pintadas.<\/p>\n","protected":false},"featured_media":3042,"comment_status":"open","ping_status":"closed","template":"","meta":[],"product_brand":[],"product_cat":[192,256],"product_tag":[266],"class_list":{"0":"post-4531","1":"product","2":"type-product","3":"status-publish","4":"has-post-thumbnail","6":"product_cat-espingarda","7":"product_cat-ssg-08-pt-pt","8":"product_tag-padrao-domestico","9":"pa_all-products-skins","11":"first","12":"instock","13":"shipping-taxable","14":"purchasable","15":"product-type-simple"},"_links":{"self":[{"href":"https:\/\/csgo-trade.net\/pt-pt\/wp-json\/wp\/v2\/product\/4531","targetHints":{"allow":["GET"]}}],"collection":[{"href":"https:\/\/csgo-trade.net\/pt-pt\/wp-json\/wp\/v2\/product"}],"about":[{"href":"https:\/\/csgo-trade.net\/pt-pt\/wp-json\/wp\/v2\/types\/product"}],"replies":[{"embeddable":true,"href":"https:\/\/csgo-trade.net\/pt-pt\/wp-json\/wp\/v2\/comments?post=4531"}],"wp:featuredmedia":[{"embeddable":true,"href":"https:\/\/csgo-trade.net\/pt-pt\/wp-json\/wp\/v2\/media\/3042"}],"wp:attachment":[{"href":"https:\/\/csgo-trade.net\/pt-pt\/wp-json\/wp\/v2\/media?parent=4531"}],"wp:term":[{"taxonomy":"product_brand","embeddable":true,"href":"https:\/\/csgo-trade.net\/pt-pt\/wp-json\/wp\/v2\/product_brand?post=4531"},{"taxonomy":"product_cat","embeddable":true,"href":"https:\/\/csgo-trade.net\/pt-pt\/wp-json\/wp\/v2\/product_cat?post=4531"},{"taxonomy":"product_tag","embeddable":true,"href":"https:\/\/csgo-trade.net\/pt-pt\/wp-json\/wp\/v2\/product_tag?post=4531"}],"curies":[{"name":"wp","href":"https:\/\/api.w.org\/{rel}","templated":true}]}}