{"id":4530,"date":"2022-09-21T13:49:04","date_gmt":"2022-09-21T13:49:04","guid":{"rendered":"https:\/\/skinpoint.r-s.space\/shop\/nova-army-sheen\/"},"modified":"2023-04-26T09:01:04","modified_gmt":"2023-04-26T09:01:04","slug":"nova-army-sheen","status":"publish","type":"product","link":"https:\/\/csgo-trade.net\/pt-pt\/catalog\/nova-army-sheen\/","title":{"rendered":"Nova | Army Sheen"},"content":{"rendered":"<p>O corpo da espingarda \u00e9 cromado e adornado com um padr\u00e3o de camuflagem militar pintado nas cores preto, verde e oliva. O protetor de m\u00e3o e a parte de tr\u00e1s da coronha permanecem sem pintura.<\/p>\n","protected":false},"excerpt":{"rendered":"<p>O corpo da espingarda \u00e9 cromado e adornado com um padr\u00e3o de camuflagem militar pintado nas cores preto, verde e oliva. O protetor de m\u00e3o e a parte de tr\u00e1s da coronha permanecem sem pintura.<\/p>\n","protected":false},"featured_media":3043,"comment_status":"open","ping_status":"closed","template":"","meta":[],"product_brand":[],"product_cat":[209,213],"product_tag":[266],"class_list":{"0":"post-4530","1":"product","2":"type-product","3":"status-publish","4":"has-post-thumbnail","6":"product_cat-arma-pesada","7":"product_cat-nova-pt-pt","8":"product_tag-padrao-domestico","9":"pa_all-products-skins","11":"first","12":"instock","13":"shipping-taxable","14":"purchasable","15":"product-type-simple"},"_links":{"self":[{"href":"https:\/\/csgo-trade.net\/pt-pt\/wp-json\/wp\/v2\/product\/4530","targetHints":{"allow":["GET"]}}],"collection":[{"href":"https:\/\/csgo-trade.net\/pt-pt\/wp-json\/wp\/v2\/product"}],"about":[{"href":"https:\/\/csgo-trade.net\/pt-pt\/wp-json\/wp\/v2\/types\/product"}],"replies":[{"embeddable":true,"href":"https:\/\/csgo-trade.net\/pt-pt\/wp-json\/wp\/v2\/comments?post=4530"}],"wp:featuredmedia":[{"embeddable":true,"href":"https:\/\/csgo-trade.net\/pt-pt\/wp-json\/wp\/v2\/media\/3043"}],"wp:attachment":[{"href":"https:\/\/csgo-trade.net\/pt-pt\/wp-json\/wp\/v2\/media?parent=4530"}],"wp:term":[{"taxonomy":"product_brand","embeddable":true,"href":"https:\/\/csgo-trade.net\/pt-pt\/wp-json\/wp\/v2\/product_brand?post=4530"},{"taxonomy":"product_cat","embeddable":true,"href":"https:\/\/csgo-trade.net\/pt-pt\/wp-json\/wp\/v2\/product_cat?post=4530"},{"taxonomy":"product_tag","embeddable":true,"href":"https:\/\/csgo-trade.net\/pt-pt\/wp-json\/wp\/v2\/product_tag?post=4530"}],"curies":[{"name":"wp","href":"https:\/\/api.w.org\/{rel}","templated":true}]}}