{"id":4526,"date":"2022-09-21T13:49:05","date_gmt":"2022-09-21T13:49:05","guid":{"rendered":"https:\/\/skinpoint.r-s.space\/shop\/famas-pulse\/"},"modified":"2025-08-21T09:13:04","modified_gmt":"2025-08-21T09:13:04","slug":"famas-pulse","status":"publish","type":"product","link":"https:\/\/csgo-trade.net\/pt-pt\/catalog\/famas-pulse\/","title":{"rendered":"FAMAS | Pulse"},"content":{"rendered":"<p>O corpo preto do rifle \u00e9 adornado com um padr\u00e3o geom\u00e9trico de tri\u00e2ngulos de tamanhos diferentes. O esquema de cores do padr\u00e3o usa tons vibrantes de rosa e roxo.<\/p>\n","protected":false},"excerpt":{"rendered":"<p>O corpo preto do rifle \u00e9 adornado com um padr\u00e3o geom\u00e9trico de tri\u00e2ngulos de tamanhos diferentes. O esquema de cores do padr\u00e3o usa tons vibrantes de rosa e roxo.<\/p>\n","protected":false},"featured_media":3133,"comment_status":"open","ping_status":"closed","template":"","meta":[],"product_brand":[],"product_cat":[192,249],"product_tag":[270],"class_list":{"0":"post-4526","1":"product","2":"type-product","3":"status-publish","4":"has-post-thumbnail","6":"product_cat-espingarda","7":"product_cat-famas-pt-pt","8":"product_tag-restrito","9":"pa_all-products-skins","11":"first","12":"instock","13":"shipping-taxable","14":"purchasable","15":"product-type-simple"},"_links":{"self":[{"href":"https:\/\/csgo-trade.net\/pt-pt\/wp-json\/wp\/v2\/product\/4526","targetHints":{"allow":["GET"]}}],"collection":[{"href":"https:\/\/csgo-trade.net\/pt-pt\/wp-json\/wp\/v2\/product"}],"about":[{"href":"https:\/\/csgo-trade.net\/pt-pt\/wp-json\/wp\/v2\/types\/product"}],"replies":[{"embeddable":true,"href":"https:\/\/csgo-trade.net\/pt-pt\/wp-json\/wp\/v2\/comments?post=4526"}],"wp:featuredmedia":[{"embeddable":true,"href":"https:\/\/csgo-trade.net\/pt-pt\/wp-json\/wp\/v2\/media\/3133"}],"wp:attachment":[{"href":"https:\/\/csgo-trade.net\/pt-pt\/wp-json\/wp\/v2\/media?parent=4526"}],"wp:term":[{"taxonomy":"product_brand","embeddable":true,"href":"https:\/\/csgo-trade.net\/pt-pt\/wp-json\/wp\/v2\/product_brand?post=4526"},{"taxonomy":"product_cat","embeddable":true,"href":"https:\/\/csgo-trade.net\/pt-pt\/wp-json\/wp\/v2\/product_cat?post=4526"},{"taxonomy":"product_tag","embeddable":true,"href":"https:\/\/csgo-trade.net\/pt-pt\/wp-json\/wp\/v2\/product_tag?post=4526"}],"curies":[{"name":"wp","href":"https:\/\/api.w.org\/{rel}","templated":true}]}}