{"id":4525,"date":"2022-09-21T13:49:04","date_gmt":"2022-09-21T13:49:04","guid":{"rendered":"https:\/\/skinpoint.r-s.space\/shop\/r8-revolver-night\/"},"modified":"2023-04-26T08:57:55","modified_gmt":"2023-04-26T08:57:55","slug":"r8-revolver-night","status":"publish","type":"product","link":"https:\/\/csgo-trade.net\/pt-pt\/catalog\/r8-revolver-night\/","title":{"rendered":"R8 Revolver | Night"},"content":{"rendered":"<p>O corpo do rev\u00f3lver \u00e9 revestido com tinta fosca azul escuro. A al\u00e7a \u00e9 pintada em um tom frio de cinza escuro.<\/p>\n","protected":false},"excerpt":{"rendered":"<p>O corpo do rev\u00f3lver \u00e9 revestido com tinta fosca azul escuro. A al\u00e7a \u00e9 pintada em um tom frio de cinza escuro.<\/p>\n","protected":false},"featured_media":3044,"comment_status":"open","ping_status":"closed","template":"","meta":[],"product_brand":[],"product_cat":[236,244],"product_tag":[266],"class_list":{"0":"post-4525","1":"product","2":"type-product","3":"status-publish","4":"has-post-thumbnail","6":"product_cat-pistolas","7":"product_cat-r8-revolver-pt-pt","8":"product_tag-padrao-domestico","9":"pa_all-products-skins","11":"first","12":"instock","13":"shipping-taxable","14":"purchasable","15":"product-type-simple"},"_links":{"self":[{"href":"https:\/\/csgo-trade.net\/pt-pt\/wp-json\/wp\/v2\/product\/4525","targetHints":{"allow":["GET"]}}],"collection":[{"href":"https:\/\/csgo-trade.net\/pt-pt\/wp-json\/wp\/v2\/product"}],"about":[{"href":"https:\/\/csgo-trade.net\/pt-pt\/wp-json\/wp\/v2\/types\/product"}],"replies":[{"embeddable":true,"href":"https:\/\/csgo-trade.net\/pt-pt\/wp-json\/wp\/v2\/comments?post=4525"}],"wp:featuredmedia":[{"embeddable":true,"href":"https:\/\/csgo-trade.net\/pt-pt\/wp-json\/wp\/v2\/media\/3044"}],"wp:attachment":[{"href":"https:\/\/csgo-trade.net\/pt-pt\/wp-json\/wp\/v2\/media?parent=4525"}],"wp:term":[{"taxonomy":"product_brand","embeddable":true,"href":"https:\/\/csgo-trade.net\/pt-pt\/wp-json\/wp\/v2\/product_brand?post=4525"},{"taxonomy":"product_cat","embeddable":true,"href":"https:\/\/csgo-trade.net\/pt-pt\/wp-json\/wp\/v2\/product_cat?post=4525"},{"taxonomy":"product_tag","embeddable":true,"href":"https:\/\/csgo-trade.net\/pt-pt\/wp-json\/wp\/v2\/product_tag?post=4525"}],"curies":[{"name":"wp","href":"https:\/\/api.w.org\/{rel}","templated":true}]}}