{"id":4521,"date":"2022-09-21T13:49:05","date_gmt":"2022-09-21T13:49:05","guid":{"rendered":"https:\/\/skinpoint.r-s.space\/shop\/m4a1-s-guardian\/"},"modified":"2025-08-21T09:12:59","modified_gmt":"2025-08-21T09:12:59","slug":"m4a1-s-guardian","status":"publish","type":"product","link":"https:\/\/csgo-trade.net\/pt-pt\/catalog\/m4a1-s-guardian\/","title":{"rendered":"M4A1-S | Guardian"},"content":{"rendered":"<p>A skin tem um design minimalista. O corpo do rifle \u00e9 pintado de azul escuro e adornado com um logotipo antiterrorista cinza localizado na revista. O cano, o silenciador e a al\u00e7a permanecem sem pintura. O design \u00e9 complementado por inscri\u00e7\u00f5es t\u00e9cnicas brancas localizadas em diferentes partes da arma.<\/p>\n","protected":false},"excerpt":{"rendered":"<p>A skin tem um design minimalista. O corpo do rifle \u00e9 pintado de azul escuro e adornado com um logotipo antiterrorista cinza localizado na revista. O cano, o silenciador e a al\u00e7a permanecem sem pintura. O design \u00e9 complementado por inscri\u00e7\u00f5es t\u00e9cnicas brancas localizadas em diferentes partes da arma.<\/p>\n","protected":false},"featured_media":3127,"comment_status":"open","ping_status":"closed","template":"","meta":[],"product_brand":[],"product_cat":[192,252],"product_tag":[265],"class_list":{"0":"post-4521","1":"product","2":"type-product","3":"status-publish","4":"has-post-thumbnail","6":"product_cat-espingarda","7":"product_cat-m4a1-s-pt-pt","8":"product_tag-confidencial","9":"pa_all-products-skins","11":"first","12":"instock","13":"shipping-taxable","14":"purchasable","15":"product-type-simple"},"_links":{"self":[{"href":"https:\/\/csgo-trade.net\/pt-pt\/wp-json\/wp\/v2\/product\/4521","targetHints":{"allow":["GET"]}}],"collection":[{"href":"https:\/\/csgo-trade.net\/pt-pt\/wp-json\/wp\/v2\/product"}],"about":[{"href":"https:\/\/csgo-trade.net\/pt-pt\/wp-json\/wp\/v2\/types\/product"}],"replies":[{"embeddable":true,"href":"https:\/\/csgo-trade.net\/pt-pt\/wp-json\/wp\/v2\/comments?post=4521"}],"wp:featuredmedia":[{"embeddable":true,"href":"https:\/\/csgo-trade.net\/pt-pt\/wp-json\/wp\/v2\/media\/3127"}],"wp:attachment":[{"href":"https:\/\/csgo-trade.net\/pt-pt\/wp-json\/wp\/v2\/media?parent=4521"}],"wp:term":[{"taxonomy":"product_brand","embeddable":true,"href":"https:\/\/csgo-trade.net\/pt-pt\/wp-json\/wp\/v2\/product_brand?post=4521"},{"taxonomy":"product_cat","embeddable":true,"href":"https:\/\/csgo-trade.net\/pt-pt\/wp-json\/wp\/v2\/product_cat?post=4521"},{"taxonomy":"product_tag","embeddable":true,"href":"https:\/\/csgo-trade.net\/pt-pt\/wp-json\/wp\/v2\/product_tag?post=4521"}],"curies":[{"name":"wp","href":"https:\/\/api.w.org\/{rel}","templated":true}]}}