{"id":4519,"date":"2022-09-21T13:49:05","date_gmt":"2022-09-21T13:49:05","guid":{"rendered":"https:\/\/skinpoint.r-s.space\/shop\/sawed-off-the-kraken\/"},"modified":"2025-08-21T09:12:55","modified_gmt":"2025-08-21T09:12:55","slug":"sawed-off-the-kraken","status":"publish","type":"product","link":"https:\/\/csgo-trade.net\/pt-pt\/catalog\/sawed-off-the-kraken\/","title":{"rendered":"Sawed-Off | The Kraken"},"content":{"rendered":"<p>O receptor e o protetor de m\u00e3o s\u00e3o adornados com uma imagem do kraken &#8211; um monstro marinho m\u00edtico semelhante a um polvo gigante. O monstro \u00e9 pintado em um esquema de cores vermelho-alaranjado e \u00e9 cercado por ondas azul-petr\u00f3leo. A coronha de madeira \u00e9 pintada de preto.<\/p>\n","protected":false},"excerpt":{"rendered":"<p>O receptor e o protetor de m\u00e3o s\u00e3o adornados com uma imagem do kraken &#8211; um monstro marinho m\u00edtico semelhante a um polvo gigante. O monstro \u00e9 pintado em um esquema de cores vermelho-alaranjado e \u00e9 cercado por ondas azul-petr\u00f3leo. A coronha de madeira \u00e9 pintada de preto.<\/p>\n","protected":false},"featured_media":3121,"comment_status":"open","ping_status":"closed","template":"","meta":[],"product_brand":[],"product_cat":[209,214],"product_tag":[267],"class_list":{"0":"post-4519","1":"product","2":"type-product","3":"status-publish","4":"has-post-thumbnail","6":"product_cat-arma-pesada","7":"product_cat-sawed-off-pt-pt","8":"product_tag-secreto","9":"pa_all-products-skins","11":"first","12":"instock","13":"shipping-taxable","14":"purchasable","15":"product-type-simple"},"_links":{"self":[{"href":"https:\/\/csgo-trade.net\/pt-pt\/wp-json\/wp\/v2\/product\/4519","targetHints":{"allow":["GET"]}}],"collection":[{"href":"https:\/\/csgo-trade.net\/pt-pt\/wp-json\/wp\/v2\/product"}],"about":[{"href":"https:\/\/csgo-trade.net\/pt-pt\/wp-json\/wp\/v2\/types\/product"}],"replies":[{"embeddable":true,"href":"https:\/\/csgo-trade.net\/pt-pt\/wp-json\/wp\/v2\/comments?post=4519"}],"wp:featuredmedia":[{"embeddable":true,"href":"https:\/\/csgo-trade.net\/pt-pt\/wp-json\/wp\/v2\/media\/3121"}],"wp:attachment":[{"href":"https:\/\/csgo-trade.net\/pt-pt\/wp-json\/wp\/v2\/media?parent=4519"}],"wp:term":[{"taxonomy":"product_brand","embeddable":true,"href":"https:\/\/csgo-trade.net\/pt-pt\/wp-json\/wp\/v2\/product_brand?post=4519"},{"taxonomy":"product_cat","embeddable":true,"href":"https:\/\/csgo-trade.net\/pt-pt\/wp-json\/wp\/v2\/product_cat?post=4519"},{"taxonomy":"product_tag","embeddable":true,"href":"https:\/\/csgo-trade.net\/pt-pt\/wp-json\/wp\/v2\/product_tag?post=4519"}],"curies":[{"name":"wp","href":"https:\/\/api.w.org\/{rel}","templated":true}]}}