{"id":4516,"date":"2022-09-21T13:49:06","date_gmt":"2022-09-21T13:49:06","guid":{"rendered":"https:\/\/skinpoint.r-s.space\/shop\/five-seven-kami\/"},"modified":"2025-08-21T09:12:57","modified_gmt":"2025-08-21T09:12:57","slug":"five-seven-kami","status":"publish","type":"product","link":"https:\/\/csgo-trade.net\/pt-pt\/catalog\/five-seven-kami\/","title":{"rendered":"Five-SeveN | Kami"},"content":{"rendered":"<p>O slide \u00e9 pintado de bege claro e adornado com um padr\u00e3o de mang\u00e1 japon\u00eas. O resto da arma \u00e9 pintado de preto s\u00f3lido. Pequenas partes individuais da arma permanecem sem pintura.<\/p>\n","protected":false},"excerpt":{"rendered":"<p>O slide \u00e9 pintado de bege claro e adornado com um padr\u00e3o de mang\u00e1 japon\u00eas. O resto da arma \u00e9 pintado de preto s\u00f3lido. Pequenas partes individuais da arma permanecem sem pintura.<\/p>\n","protected":false},"featured_media":3145,"comment_status":"open","ping_status":"closed","template":"","meta":[],"product_brand":[],"product_cat":[240,236],"product_tag":[194],"class_list":{"0":"post-4516","1":"product","2":"type-product","3":"status-publish","4":"has-post-thumbnail","6":"product_cat-five-seven-pt-pt","7":"product_cat-pistolas","8":"product_tag-padrao-militar","9":"pa_all-products-skins","11":"first","12":"instock","13":"shipping-taxable","14":"purchasable","15":"product-type-simple"},"_links":{"self":[{"href":"https:\/\/csgo-trade.net\/pt-pt\/wp-json\/wp\/v2\/product\/4516","targetHints":{"allow":["GET"]}}],"collection":[{"href":"https:\/\/csgo-trade.net\/pt-pt\/wp-json\/wp\/v2\/product"}],"about":[{"href":"https:\/\/csgo-trade.net\/pt-pt\/wp-json\/wp\/v2\/types\/product"}],"replies":[{"embeddable":true,"href":"https:\/\/csgo-trade.net\/pt-pt\/wp-json\/wp\/v2\/comments?post=4516"}],"wp:featuredmedia":[{"embeddable":true,"href":"https:\/\/csgo-trade.net\/pt-pt\/wp-json\/wp\/v2\/media\/3145"}],"wp:attachment":[{"href":"https:\/\/csgo-trade.net\/pt-pt\/wp-json\/wp\/v2\/media?parent=4516"}],"wp:term":[{"taxonomy":"product_brand","embeddable":true,"href":"https:\/\/csgo-trade.net\/pt-pt\/wp-json\/wp\/v2\/product_brand?post=4516"},{"taxonomy":"product_cat","embeddable":true,"href":"https:\/\/csgo-trade.net\/pt-pt\/wp-json\/wp\/v2\/product_cat?post=4516"},{"taxonomy":"product_tag","embeddable":true,"href":"https:\/\/csgo-trade.net\/pt-pt\/wp-json\/wp\/v2\/product_tag?post=4516"}],"curies":[{"name":"wp","href":"https:\/\/api.w.org\/{rel}","templated":true}]}}