{"id":4515,"date":"2022-09-21T13:49:05","date_gmt":"2022-09-21T13:49:05","guid":{"rendered":"https:\/\/skinpoint.r-s.space\/shop\/m4a4-asiimov\/"},"modified":"2023-04-26T08:46:40","modified_gmt":"2023-04-26T08:46:40","slug":"m4a4-asiimov","status":"publish","type":"product","link":"https:\/\/csgo-trade.net\/pt-pt\/catalog\/m4a4-asiimov\/","title":{"rendered":"M4A4 | Asiimov"},"content":{"rendered":"<p>A skin tem um design futurista. O corpo do rifle \u00e9 pintado de branco e adornado com um padr\u00e3o de listras pretas e laranja. O design \u00e9 complementado por elementos gr\u00e1ficos na forma de v\u00e1rias formas geom\u00e9tricas localizadas em diferentes partes da arma.<\/p>\n","protected":false},"excerpt":{"rendered":"<p>A skin tem um design futurista. O corpo do rifle \u00e9 pintado de branco e adornado com um padr\u00e3o de listras pretas e laranja. O design \u00e9 complementado por elementos gr\u00e1ficos na forma de v\u00e1rias formas geom\u00e9tricas localizadas em diferentes partes da arma.<\/p>\n","protected":false},"featured_media":3118,"comment_status":"open","ping_status":"closed","template":"","meta":[],"product_brand":[],"product_cat":[192,253],"product_tag":[267],"class_list":{"0":"post-4515","1":"product","2":"type-product","3":"status-publish","4":"has-post-thumbnail","6":"product_cat-espingarda","7":"product_cat-m4a4-pt-pt","8":"product_tag-secreto","9":"pa_all-products-skins","11":"first","12":"instock","13":"shipping-taxable","14":"purchasable","15":"product-type-simple"},"_links":{"self":[{"href":"https:\/\/csgo-trade.net\/pt-pt\/wp-json\/wp\/v2\/product\/4515","targetHints":{"allow":["GET"]}}],"collection":[{"href":"https:\/\/csgo-trade.net\/pt-pt\/wp-json\/wp\/v2\/product"}],"about":[{"href":"https:\/\/csgo-trade.net\/pt-pt\/wp-json\/wp\/v2\/types\/product"}],"replies":[{"embeddable":true,"href":"https:\/\/csgo-trade.net\/pt-pt\/wp-json\/wp\/v2\/comments?post=4515"}],"wp:featuredmedia":[{"embeddable":true,"href":"https:\/\/csgo-trade.net\/pt-pt\/wp-json\/wp\/v2\/media\/3118"}],"wp:attachment":[{"href":"https:\/\/csgo-trade.net\/pt-pt\/wp-json\/wp\/v2\/media?parent=4515"}],"wp:term":[{"taxonomy":"product_brand","embeddable":true,"href":"https:\/\/csgo-trade.net\/pt-pt\/wp-json\/wp\/v2\/product_brand?post=4515"},{"taxonomy":"product_cat","embeddable":true,"href":"https:\/\/csgo-trade.net\/pt-pt\/wp-json\/wp\/v2\/product_cat?post=4515"},{"taxonomy":"product_tag","embeddable":true,"href":"https:\/\/csgo-trade.net\/pt-pt\/wp-json\/wp\/v2\/product_tag?post=4515"}],"curies":[{"name":"wp","href":"https:\/\/api.w.org\/{rel}","templated":true}]}}