{"id":4512,"date":"2022-09-21T13:49:06","date_gmt":"2022-09-21T13:49:06","guid":{"rendered":"https:\/\/skinpoint.r-s.space\/shop\/nova-rising-skull\/"},"modified":"2025-08-21T09:12:24","modified_gmt":"2025-08-21T09:12:24","slug":"nova-rising-skull","status":"publish","type":"product","link":"https:\/\/csgo-trade.net\/pt-pt\/catalog\/nova-rising-skull\/","title":{"rendered":"Nova | Rising Skull"},"content":{"rendered":"<p>O design da skin \u00e9 feito em cores bege. A coronha \u00e9 adornada com a imagem de um cr\u00e2nio humano com a boca aberta. O cr\u00e2nio irradia raios bege escuros com contorno preto. O cano e as partes individuais da arma n\u00e3o s\u00e3o pintados.<\/p>\n","protected":false},"excerpt":{"rendered":"<p>O design da skin \u00e9 feito em cores bege. A coronha \u00e9 adornada com a imagem de um cr\u00e2nio humano com a boca aberta. O cr\u00e2nio irradia raios bege escuros com contorno preto. O cano e as partes individuais da arma n\u00e3o s\u00e3o pintados.<\/p>\n","protected":false},"featured_media":3142,"comment_status":"open","ping_status":"closed","template":"","meta":[],"product_brand":[],"product_cat":[209,213],"product_tag":[270],"class_list":{"0":"post-4512","1":"product","2":"type-product","3":"status-publish","4":"has-post-thumbnail","6":"product_cat-arma-pesada","7":"product_cat-nova-pt-pt","8":"product_tag-restrito","9":"pa_all-products-skins","11":"first","12":"instock","13":"shipping-taxable","14":"purchasable","15":"product-type-simple"},"_links":{"self":[{"href":"https:\/\/csgo-trade.net\/pt-pt\/wp-json\/wp\/v2\/product\/4512","targetHints":{"allow":["GET"]}}],"collection":[{"href":"https:\/\/csgo-trade.net\/pt-pt\/wp-json\/wp\/v2\/product"}],"about":[{"href":"https:\/\/csgo-trade.net\/pt-pt\/wp-json\/wp\/v2\/types\/product"}],"replies":[{"embeddable":true,"href":"https:\/\/csgo-trade.net\/pt-pt\/wp-json\/wp\/v2\/comments?post=4512"}],"wp:featuredmedia":[{"embeddable":true,"href":"https:\/\/csgo-trade.net\/pt-pt\/wp-json\/wp\/v2\/media\/3142"}],"wp:attachment":[{"href":"https:\/\/csgo-trade.net\/pt-pt\/wp-json\/wp\/v2\/media?parent=4512"}],"wp:term":[{"taxonomy":"product_brand","embeddable":true,"href":"https:\/\/csgo-trade.net\/pt-pt\/wp-json\/wp\/v2\/product_brand?post=4512"},{"taxonomy":"product_cat","embeddable":true,"href":"https:\/\/csgo-trade.net\/pt-pt\/wp-json\/wp\/v2\/product_cat?post=4512"},{"taxonomy":"product_tag","embeddable":true,"href":"https:\/\/csgo-trade.net\/pt-pt\/wp-json\/wp\/v2\/product_tag?post=4512"}],"curies":[{"name":"wp","href":"https:\/\/api.w.org\/{rel}","templated":true}]}}