{"id":4508,"date":"2022-09-21T13:49:06","date_gmt":"2022-09-21T13:49:06","guid":{"rendered":"https:\/\/skinpoint.r-s.space\/shop\/mp9-rose-iron\/"},"modified":"2025-08-21T09:12:18","modified_gmt":"2025-08-21T09:12:18","slug":"mp9-rose-iron","status":"publish","type":"product","link":"https:\/\/csgo-trade.net\/pt-pt\/catalog\/mp9-rose-iron\/","title":{"rendered":"MP9 | Rose Iron"},"content":{"rendered":"<p>O corpo do SMG \u00e9 revestido com tinta preta fosca e adornado com a imagem de um bot\u00e3o de rosa cercado por ramos encaracolados com espinhos. O esquema de cores do padr\u00e3o inclui amarelo e v\u00e1rios tons de rosa. O design \u00e9 complementado por gotas de tinta rosa espalhadas aleatoriamente. A coronha, o carregador e partes individuais da arma n\u00e3o s\u00e3o pintadas.<\/p>\n","protected":false},"excerpt":{"rendered":"<p>O corpo do SMG \u00e9 revestido com tinta preta fosca e adornado com a imagem de um bot\u00e3o de rosa cercado por ramos encaracolados com espinhos. O esquema de cores do padr\u00e3o inclui amarelo e v\u00e1rios tons de rosa. O design \u00e9 complementado por gotas de tinta rosa espalhadas aleatoriamente. A coronha, o carregador e [&#8230;]\n","protected":false},"featured_media":3136,"comment_status":"open","ping_status":"closed","template":"","meta":[],"product_brand":[],"product_cat":[261,257],"product_tag":[270],"class_list":{"0":"post-4508","1":"product","2":"type-product","3":"status-publish","4":"has-post-thumbnail","6":"product_cat-mp9-pt-pt","7":"product_cat-submetralhadoras","8":"product_tag-restrito","9":"pa_all-products-skins","11":"first","12":"instock","13":"shipping-taxable","14":"purchasable","15":"product-type-simple"},"_links":{"self":[{"href":"https:\/\/csgo-trade.net\/pt-pt\/wp-json\/wp\/v2\/product\/4508","targetHints":{"allow":["GET"]}}],"collection":[{"href":"https:\/\/csgo-trade.net\/pt-pt\/wp-json\/wp\/v2\/product"}],"about":[{"href":"https:\/\/csgo-trade.net\/pt-pt\/wp-json\/wp\/v2\/types\/product"}],"replies":[{"embeddable":true,"href":"https:\/\/csgo-trade.net\/pt-pt\/wp-json\/wp\/v2\/comments?post=4508"}],"wp:featuredmedia":[{"embeddable":true,"href":"https:\/\/csgo-trade.net\/pt-pt\/wp-json\/wp\/v2\/media\/3136"}],"wp:attachment":[{"href":"https:\/\/csgo-trade.net\/pt-pt\/wp-json\/wp\/v2\/media?parent=4508"}],"wp:term":[{"taxonomy":"product_brand","embeddable":true,"href":"https:\/\/csgo-trade.net\/pt-pt\/wp-json\/wp\/v2\/product_brand?post=4508"},{"taxonomy":"product_cat","embeddable":true,"href":"https:\/\/csgo-trade.net\/pt-pt\/wp-json\/wp\/v2\/product_cat?post=4508"},{"taxonomy":"product_tag","embeddable":true,"href":"https:\/\/csgo-trade.net\/pt-pt\/wp-json\/wp\/v2\/product_tag?post=4508"}],"curies":[{"name":"wp","href":"https:\/\/api.w.org\/{rel}","templated":true}]}}